

{"id":867,"date":"2023-02-03T15:50:14","date_gmt":"2023-02-03T15:50:14","guid":{"rendered":"https:\/\/guadalminagolf.com\/?page_id=867"},"modified":"2024-02-05T17:49:31","modified_gmt":"2024-02-05T17:49:31","slug":"campo-de-practicas","status":"publish","type":"page","link":"https:\/\/www.guadalminagolf.com\/es\/campo-de-practicas\/","title":{"rendered":"Campo de Pr\u00e1cticas"},"content":{"rendered":"\r\n\n  <div class=\"banner has-hover has-parallax\" id=\"banner-1048895311\">\n          <div class=\"banner-inner fill\">\n        <div class=\"banner-bg fill\" data-parallax=\"-4\" data-parallax-container=\".banner\" data-parallax-background>\n            <img loading=\"lazy\" decoding=\"async\" width=\"1800\" height=\"1200\" src=\"https:\/\/www.guadalminagolf.com\/wp-content\/uploads\/2023\/06\/Driving-Range.jpg\" class=\"bg attachment-original size-original\" alt=\"Driving Range Guadalmina\" \/>                        <div class=\"overlay\"><\/div>            \n                    <\/div>\n\t\t\n        <div class=\"banner-layers container\">\n            <div class=\"fill banner-link\"><\/div>            \r\n\r\n   <div id=\"text-box-1950793521\" class=\"text-box banner-layer x50 md-x50 lg-x50 y50 md-y50 lg-y50 res-text\">\n              <div data-parallax=\"-3\" data-parallax-fade=\"true\">       <div data-animate=\"fadeInUp\">           <div class=\"text-box-content text dark text-shadow-1\">\n              \n              <div class=\"text-inner text-center\">\n                  \r\n\r\n<h2 class=\"uppercase\"><strong>CamPO DE PR\u00c1CTICAS<\/strong><\/h2>\r\n<p class=\"lead\">El Real Club de Golf Guadalmina dispone de un campo de pr\u00e1cticas para 40 jugadores  con plataforma cubierta con 21 plazas, chipping y bunker de pr\u00e1cticas y putting green.<\/p>\r\n\r\n\r\n              <\/div>\n           <\/div>\n       <\/div>       <\/div>              \n<style>\n#text-box-1950793521 {\n  width: 100%;\n}\n#text-box-1950793521 .text-box-content {\n  font-size: 131%;\n}\n@media (min-width:550px) {\n  #text-box-1950793521 {\n    width: 71%;\n  }\n  #text-box-1950793521 .text-box-content {\n    font-size: 100%;\n  }\n}\n<\/style>\n    <\/div>\n \r\n\r\n        <\/div>\n      <\/div>\n\n            \n<style>\n#banner-1048895311 {\n  padding-top: 600px;\n}\n#banner-1048895311 .overlay {\n  background-color: rgba(0, 0, 0, 0);\n}\n#banner-1048895311 .banner-bg img {\n  object-position: 51% 100%;\n}\n<\/style>\n  <\/div>\n\n\r\n\t<div id=\"gap-753945796\" class=\"gap-element clearfix\" style=\"display:block; height:auto;\">\n\t\t\n<style>\n#gap-753945796 {\n  padding-top: 50px;\n}\n<\/style>\n\t<\/div>\n\t\r\n\r\n<div class=\"row\"  id=\"row-513543556\">\r\n\r\n\n\t<div id=\"col-27502776\" class=\"col small-12 large-12\"  >\n\t\t\t\t<div class=\"col-inner\"  >\n\t\t\t\n\t\t\t\r\n\r\n<p>El campo de practicas del Real Club de Golf Guadalmina es una moderna instalaci\u00f3n que permite practicar durante todo el a\u00f1o, bajo cualquier condici\u00f3n meteorol\u00f3gica, gracias a una cubierta dise\u00f1ada para ofrecer sobra o guarecer de la lluvia.<\/p>\r\n<p>Esta zona de pr\u00e1cticas, cuenta adem\u00e1s con un moderno sistema de pr\u00e1cticas, conocido como TOP GOLF, que ofrece a los jugadores una ampl\u00edsima variedad de oportunidades, para practicar, desde el calentamiento programado, los concursos de bola m\u00e1s cercana o drive m\u00e1s largo, cuyos resultados son vistos en el mundo entero, pues est\u00e1n compartidos en la nube, o la posibilidad de jugar campos tan emblem\u00e1ticos como Saint Andrews , o Pebble Beach.<\/p>\r\n<p><strong>Solamente es necesario descargarse gratuitamente la aplicaci\u00f3n TOP TRACER y empezar a disfrutar.<\/strong><\/p>\r\n\t<div id=\"gap-799926772\" class=\"gap-element clearfix\" style=\"display:block; height:auto;\">\n\t\t\n<style>\n#gap-799926772 {\n  padding-top: 30px;\n}\n<\/style>\n\t<\/div>\n\t\r\n\r\n\n  \n    <div class=\"row large-columns-4 medium-columns-3 small-columns-2 row-xsmall\" >\n  <div class=\"gallery-col col\" >\n          <div class=\"col-inner\">\n            <a class=\"image-lightbox lightbox-gallery\" href=\"https:\/\/www.guadalminagolf.com\/wp-content\/uploads\/2023\/06\/Driving-Range-Guadalmina-8.jpg\" title=\"\">            <div class=\"box has-hover gallery-box box-overlay dark\">\n              <div class=\"box-image\" >\n                <img loading=\"lazy\" decoding=\"async\" width=\"600\" height=\"400\" src=\"https:\/\/www.guadalminagolf.com\/wp-content\/uploads\/2023\/06\/Driving-Range-Guadalmina-8-600x400.jpg\" class=\"attachment-medium size-medium\" alt=\"\" ids=\"856,854,850,852\" col_spacing=\"xsmall\" srcset=\"https:\/\/www.guadalminagolf.com\/wp-content\/uploads\/2023\/06\/Driving-Range-Guadalmina-8-600x400.jpg 600w, https:\/\/www.guadalminagolf.com\/wp-content\/uploads\/2023\/06\/Driving-Range-Guadalmina-8-768x512.jpg 768w, https:\/\/www.guadalminagolf.com\/wp-content\/uploads\/2023\/06\/Driving-Range-Guadalmina-8.jpg 1200w\" sizes=\"auto, (max-width: 600px) 100vw, 600px\" \/>                                  <div class=\"overlay fill\"\n                      style=\"background-color: rgba(0,0,0,.15)\">\n                  <\/div>\n                                                              <\/div>\n              <div class=\"box-text text-left\" >\n                 <p><\/p>\n              <\/div>\n            <\/div>\n            <\/a>          <\/div>\n         <\/div><div class=\"gallery-col col\" >\n          <div class=\"col-inner\">\n            <a class=\"image-lightbox lightbox-gallery\" href=\"https:\/\/www.guadalminagolf.com\/wp-content\/uploads\/2023\/06\/Driving-Range-Guadalmina-5.jpg\" title=\"\">            <div class=\"box has-hover gallery-box box-overlay dark\">\n              <div class=\"box-image\" >\n                <img loading=\"lazy\" decoding=\"async\" width=\"600\" height=\"400\" src=\"https:\/\/www.guadalminagolf.com\/wp-content\/uploads\/2023\/06\/Driving-Range-Guadalmina-5-600x400.jpg\" class=\"attachment-medium size-medium\" alt=\"\" ids=\"856,854,850,852\" col_spacing=\"xsmall\" srcset=\"https:\/\/www.guadalminagolf.com\/wp-content\/uploads\/2023\/06\/Driving-Range-Guadalmina-5-600x400.jpg 600w, https:\/\/www.guadalminagolf.com\/wp-content\/uploads\/2023\/06\/Driving-Range-Guadalmina-5-768x512.jpg 768w, https:\/\/www.guadalminagolf.com\/wp-content\/uploads\/2023\/06\/Driving-Range-Guadalmina-5.jpg 1200w\" sizes=\"auto, (max-width: 600px) 100vw, 600px\" \/>                                  <div class=\"overlay fill\"\n                      style=\"background-color: rgba(0,0,0,.15)\">\n                  <\/div>\n                                                              <\/div>\n              <div class=\"box-text text-left\" >\n                 <p><\/p>\n              <\/div>\n            <\/div>\n            <\/a>          <\/div>\n         <\/div><div class=\"gallery-col col\" >\n          <div class=\"col-inner\">\n            <a class=\"image-lightbox lightbox-gallery\" href=\"https:\/\/www.guadalminagolf.com\/wp-content\/uploads\/2023\/06\/Driving-Range-Guadalmina-7.jpg\" title=\"\">            <div class=\"box has-hover gallery-box box-overlay dark\">\n              <div class=\"box-image\" >\n                <img loading=\"lazy\" decoding=\"async\" width=\"600\" height=\"400\" src=\"https:\/\/www.guadalminagolf.com\/wp-content\/uploads\/2023\/06\/Driving-Range-Guadalmina-7-600x400.jpg\" class=\"attachment-medium size-medium\" alt=\"\" ids=\"856,854,850,852\" col_spacing=\"xsmall\" srcset=\"https:\/\/www.guadalminagolf.com\/wp-content\/uploads\/2023\/06\/Driving-Range-Guadalmina-7-600x400.jpg 600w, https:\/\/www.guadalminagolf.com\/wp-content\/uploads\/2023\/06\/Driving-Range-Guadalmina-7-768x512.jpg 768w, https:\/\/www.guadalminagolf.com\/wp-content\/uploads\/2023\/06\/Driving-Range-Guadalmina-7.jpg 1200w\" sizes=\"auto, (max-width: 600px) 100vw, 600px\" \/>                                  <div class=\"overlay fill\"\n                      style=\"background-color: rgba(0,0,0,.15)\">\n                  <\/div>\n                                                              <\/div>\n              <div class=\"box-text text-left\" >\n                 <p><\/p>\n              <\/div>\n            <\/div>\n            <\/a>          <\/div>\n         <\/div><div class=\"gallery-col col\" >\n          <div class=\"col-inner\">\n            <a class=\"image-lightbox lightbox-gallery\" href=\"https:\/\/www.guadalminagolf.com\/wp-content\/uploads\/2023\/06\/Driving-Range-Guadalmina-6.jpg\" title=\"\">            <div class=\"box has-hover gallery-box box-overlay dark\">\n              <div class=\"box-image\" >\n                <img loading=\"lazy\" decoding=\"async\" width=\"600\" height=\"400\" src=\"https:\/\/www.guadalminagolf.com\/wp-content\/uploads\/2023\/06\/Driving-Range-Guadalmina-6-600x400.jpg\" class=\"attachment-medium size-medium\" alt=\"\" ids=\"856,854,850,852\" col_spacing=\"xsmall\" srcset=\"https:\/\/www.guadalminagolf.com\/wp-content\/uploads\/2023\/06\/Driving-Range-Guadalmina-6-600x400.jpg 600w, https:\/\/www.guadalminagolf.com\/wp-content\/uploads\/2023\/06\/Driving-Range-Guadalmina-6-768x512.jpg 768w, https:\/\/www.guadalminagolf.com\/wp-content\/uploads\/2023\/06\/Driving-Range-Guadalmina-6.jpg 1200w\" sizes=\"auto, (max-width: 600px) 100vw, 600px\" \/>                                  <div class=\"overlay fill\"\n                      style=\"background-color: rgba(0,0,0,.15)\">\n                  <\/div>\n                                                              <\/div>\n              <div class=\"box-text text-left\" >\n                 <p><\/p>\n              <\/div>\n            <\/div>\n            <\/a>          <\/div>\n         <\/div><\/div>\r\n\r\n\t<div id=\"gap-1451075582\" class=\"gap-element clearfix\" style=\"display:block; height:auto;\">\n\t\t\n<style>\n#gap-1451075582 {\n  padding-top: 50px;\n}\n<\/style>\n\t<\/div>\n\t\r\n\r\n<p>Contamos con esterillas del tipo \u201cacademy\u201d y es posible as\u00ed mismo practicar desde el c\u00e9sped, manteniendo al mismo tiempo la posibilidad de contar con la experiencia Top Tracer. Para acceder a esta zona, contamos con un parking descubierto, justo al lado del campo de pr\u00e1cticas, que lo hace muy asequible<\/p>\r\n<p>En la parte m\u00e1s alejada de la Casa Club contamos con una segunda zona de pr\u00e1cticas conocida como Aza\u00b4s Corner , en honor de Azahara Mu\u00f1oz Guijarro, jugadora del circuito LPGA, y Socia de Honor de nuestro Club, desde 2016, en reconocimiento a su carrera y a su determinante participaci\u00f3n en las cuatro ediciones de la Solheim Club.<\/p>\r\n<p>En esta zona podemos encontrar un putting green un chipping green un bunker de pr\u00e1cticas corto y otro largo, as\u00ed como un tee line de c\u00e9sped artificial y una plataforma para practicar desde el c\u00e9sped natural.<\/p>\r\n<p>Una parcela para aparcar su veh\u00edculo lo hacen especialmente c\u00f3modo para disfrutar de una completa sesi\u00f3n de pr\u00e1cticas.<\/p>\r\n<p><strong>Esta zona es adem\u00e1s el \u201cCuartel\u201d de los \u201cGuadalminos\u201d los alumnos de la Escuela Infantil, de la que tan orgullosos estamos en nuestro Club. Los s\u00e1bados, cuando no hay competici\u00f3n, pueden ver a las j\u00f3venes promesas del golf andaluz, esforzarse bajo la atenta mirada de nuestros profesores.<\/strong><\/p>\r\n\r\n\t\t<\/div>\n\t\t\t\t\t<\/div>\n\n\t\r\n\r\n<\/div>\r\n<div class=\"row\"  id=\"row-300359845\">\r\n\r\n\n\t<div id=\"col-922138190\" class=\"col small-12 large-12\"  >\n\t\t\t\t<div class=\"col-inner\"  >\n\t\t\t\n\t\t\t\r\n\r\n<div class=\"row\"  id=\"row-1602014771\">\r\n\r\n\n\t<div id=\"col-1521614918\" class=\"col small-12 large-12\"  >\n\t\t\t\t<div class=\"col-inner\"  >\n\t\t\t\n\t\t\t\r\n\r\n\n  \n    <div class=\"row large-columns-4 medium-columns-3 small-columns-2 row-xsmall\" >\n  <div class=\"gallery-col col\" >\n          <div class=\"col-inner\">\n            <a class=\"image-lightbox lightbox-gallery\" href=\"https:\/\/www.guadalminagolf.com\/wp-content\/uploads\/2023\/06\/Driving-Range-Guadalmina-1.jpg\" title=\"\">            <div class=\"box has-hover gallery-box box-overlay dark\">\n              <div class=\"box-image\" >\n                <img loading=\"lazy\" decoding=\"async\" width=\"601\" height=\"400\" src=\"https:\/\/www.guadalminagolf.com\/wp-content\/uploads\/2023\/06\/Driving-Range-Guadalmina-1-601x400.jpg\" class=\"attachment-medium size-medium\" alt=\"\" ids=\"858,860,862,864\" col_spacing=\"xsmall\" srcset=\"https:\/\/www.guadalminagolf.com\/wp-content\/uploads\/2023\/06\/Driving-Range-Guadalmina-1-601x400.jpg 601w, https:\/\/www.guadalminagolf.com\/wp-content\/uploads\/2023\/06\/Driving-Range-Guadalmina-1-768x511.jpg 768w, https:\/\/www.guadalminagolf.com\/wp-content\/uploads\/2023\/06\/Driving-Range-Guadalmina-1.jpg 1200w\" sizes=\"auto, (max-width: 601px) 100vw, 601px\" \/>                                  <div class=\"overlay fill\"\n                      style=\"background-color: rgba(0,0,0,.15)\">\n                  <\/div>\n                                                              <\/div>\n              <div class=\"box-text text-left\" >\n                 <p><\/p>\n              <\/div>\n            <\/div>\n            <\/a>          <\/div>\n         <\/div><div class=\"gallery-col col\" >\n          <div class=\"col-inner\">\n            <a class=\"image-lightbox lightbox-gallery\" href=\"https:\/\/www.guadalminagolf.com\/wp-content\/uploads\/2023\/06\/Driving-Range-Guadalmina-2.jpg\" title=\"\">            <div class=\"box has-hover gallery-box box-overlay dark\">\n              <div class=\"box-image\" >\n                <img loading=\"lazy\" decoding=\"async\" width=\"601\" height=\"400\" src=\"https:\/\/www.guadalminagolf.com\/wp-content\/uploads\/2023\/06\/Driving-Range-Guadalmina-2-601x400.jpg\" class=\"attachment-medium size-medium\" alt=\"\" ids=\"858,860,862,864\" col_spacing=\"xsmall\" srcset=\"https:\/\/www.guadalminagolf.com\/wp-content\/uploads\/2023\/06\/Driving-Range-Guadalmina-2-601x400.jpg 601w, https:\/\/www.guadalminagolf.com\/wp-content\/uploads\/2023\/06\/Driving-Range-Guadalmina-2-768x511.jpg 768w, https:\/\/www.guadalminagolf.com\/wp-content\/uploads\/2023\/06\/Driving-Range-Guadalmina-2.jpg 1200w\" sizes=\"auto, (max-width: 601px) 100vw, 601px\" \/>                                  <div class=\"overlay fill\"\n                      style=\"background-color: rgba(0,0,0,.15)\">\n                  <\/div>\n                                                              <\/div>\n              <div class=\"box-text text-left\" >\n                 <p><\/p>\n              <\/div>\n            <\/div>\n            <\/a>          <\/div>\n         <\/div><div class=\"gallery-col col\" >\n          <div class=\"col-inner\">\n            <a class=\"image-lightbox lightbox-gallery\" href=\"https:\/\/www.guadalminagolf.com\/wp-content\/uploads\/2023\/06\/Driving-Range-Guadalmina-3.jpg\" title=\"\">            <div class=\"box has-hover gallery-box box-overlay dark\">\n              <div class=\"box-image\" >\n                <img loading=\"lazy\" decoding=\"async\" width=\"601\" height=\"400\" src=\"https:\/\/www.guadalminagolf.com\/wp-content\/uploads\/2023\/06\/Driving-Range-Guadalmina-3-601x400.jpg\" class=\"attachment-medium size-medium\" alt=\"\" ids=\"858,860,862,864\" col_spacing=\"xsmall\" srcset=\"https:\/\/www.guadalminagolf.com\/wp-content\/uploads\/2023\/06\/Driving-Range-Guadalmina-3-601x400.jpg 601w, https:\/\/www.guadalminagolf.com\/wp-content\/uploads\/2023\/06\/Driving-Range-Guadalmina-3-768x511.jpg 768w, https:\/\/www.guadalminagolf.com\/wp-content\/uploads\/2023\/06\/Driving-Range-Guadalmina-3.jpg 1200w\" sizes=\"auto, (max-width: 601px) 100vw, 601px\" \/>                                  <div class=\"overlay fill\"\n                      style=\"background-color: rgba(0,0,0,.15)\">\n                  <\/div>\n                                                              <\/div>\n              <div class=\"box-text text-left\" >\n                 <p><\/p>\n              <\/div>\n            <\/div>\n            <\/a>          <\/div>\n         <\/div><div class=\"gallery-col col\" >\n          <div class=\"col-inner\">\n            <a class=\"image-lightbox lightbox-gallery\" href=\"https:\/\/www.guadalminagolf.com\/wp-content\/uploads\/2023\/06\/Driving-Range-Guadalmina-4.jpg\" title=\"\">            <div class=\"box has-hover gallery-box box-overlay dark\">\n              <div class=\"box-image\" >\n                <img loading=\"lazy\" decoding=\"async\" width=\"600\" height=\"400\" src=\"https:\/\/www.guadalminagolf.com\/wp-content\/uploads\/2023\/06\/Driving-Range-Guadalmina-4-600x400.jpg\" class=\"attachment-medium size-medium\" alt=\"\" ids=\"858,860,862,864\" col_spacing=\"xsmall\" srcset=\"https:\/\/www.guadalminagolf.com\/wp-content\/uploads\/2023\/06\/Driving-Range-Guadalmina-4-600x400.jpg 600w, https:\/\/www.guadalminagolf.com\/wp-content\/uploads\/2023\/06\/Driving-Range-Guadalmina-4-768x512.jpg 768w, https:\/\/www.guadalminagolf.com\/wp-content\/uploads\/2023\/06\/Driving-Range-Guadalmina-4.jpg 1200w\" sizes=\"auto, (max-width: 600px) 100vw, 600px\" \/>                                  <div class=\"overlay fill\"\n                      style=\"background-color: rgba(0,0,0,.15)\">\n                  <\/div>\n                                                              <\/div>\n              <div class=\"box-text text-left\" >\n                 <p><\/p>\n              <\/div>\n            <\/div>\n            <\/a>          <\/div>\n         <\/div><\/div>\r\n\r\n\r\n\t\t<\/div>\n\t\t\t\t\t<\/div>\n\n\t\r\n\r\n<\/div>\r\n\r\n\t\t<\/div>\n\t\t\t\t\t<\/div>\n\n\t\r\n\r\n<\/div>\r\n\r\n","protected":false},"excerpt":{"rendered":"","protected":false},"author":1,"featured_media":0,"parent":0,"menu_order":0,"comment_status":"closed","ping_status":"closed","template":"page-transparent-header-light.php","meta":{"footnotes":""},"class_list":["post-867","page","type-page","status-publish","hentry"],"yoast_head":"<!-- This site is optimized with the Yoast SEO plugin v27.2 - https:\/\/yoast.com\/product\/yoast-seo-wordpress\/ -->\n<title>Campo de Pr\u00e1cticas - Real Club de Golf Guadalmina<\/title>\n<meta name=\"description\" content=\"Campo de pr\u00e1cticas para 40 jugadores con plataforma cubierta con 21 plazas, chipping y bunker de pr\u00e1cticas y putting green.\" \/>\n<meta name=\"robots\" content=\"index, follow, max-snippet:-1, max-image-preview:large, max-video-preview:-1\" \/>\n<link rel=\"canonical\" href=\"https:\/\/www.guadalminagolf.com\/driving-range\/\" \/>\n<meta property=\"og:locale\" content=\"es_ES\" \/>\n<meta property=\"og:type\" content=\"article\" \/>\n<meta property=\"og:title\" content=\"Campo de Pr\u00e1cticas - Real Club de Golf Guadalmina\" \/>\n<meta property=\"og:description\" content=\"Campo de pr\u00e1cticas para 40 jugadores con plataforma cubierta con 21 plazas, chipping y bunker de pr\u00e1cticas y putting green.\" \/>\n<meta property=\"og:url\" content=\"https:\/\/www.guadalminagolf.com\/driving-range\/\" \/>\n<meta property=\"og:site_name\" content=\"Real Club de Golf Guadalmina\" \/>\n<meta property=\"article:publisher\" content=\"https:\/\/www.facebook.com\/groups\/Amigos.de.Guadalmina\" \/>\n<meta property=\"article:modified_time\" content=\"2024-02-05T17:49:31+00:00\" \/>\n<meta property=\"og:image\" content=\"https:\/\/www.guadalminagolf.com\/wp-content\/uploads\/2023\/08\/logo-sin-fechas-2-12.jpg\" \/>\n\t<meta property=\"og:image:width\" content=\"1526\" \/>\n\t<meta property=\"og:image:height\" content=\"1809\" \/>\n\t<meta property=\"og:image:type\" content=\"image\/jpeg\" \/>\n<meta name=\"twitter:card\" content=\"summary_large_image\" \/>\n<meta name=\"twitter:label1\" content=\"Tiempo de lectura\" \/>\n\t<meta name=\"twitter:data1\" content=\"2 minutos\" \/>\n<script type=\"application\/ld+json\" class=\"yoast-schema-graph\">{\"@context\":\"https:\/\/schema.org\",\"@graph\":[{\"@type\":\"WebPage\",\"@id\":\"https:\/\/www.guadalminagolf.com\/driving-range\/\",\"url\":\"https:\/\/www.guadalminagolf.com\/driving-range\/\",\"name\":\"Campo de Pr\u00e1cticas - Real Club de Golf Guadalmina\",\"isPartOf\":{\"@id\":\"https:\/\/www.guadalminagolf.com\/#website\"},\"datePublished\":\"2023-02-03T15:50:14+00:00\",\"dateModified\":\"2024-02-05T17:49:31+00:00\",\"description\":\"Campo de pr\u00e1cticas para 40 jugadores con plataforma cubierta con 21 plazas, chipping y bunker de pr\u00e1cticas y putting green.\",\"breadcrumb\":{\"@id\":\"https:\/\/www.guadalminagolf.com\/driving-range\/#breadcrumb\"},\"inLanguage\":\"es\",\"potentialAction\":[{\"@type\":\"ReadAction\",\"target\":[\"https:\/\/www.guadalminagolf.com\/driving-range\/\"]}]},{\"@type\":\"BreadcrumbList\",\"@id\":\"https:\/\/www.guadalminagolf.com\/driving-range\/#breadcrumb\",\"itemListElement\":[{\"@type\":\"ListItem\",\"position\":1,\"name\":\"Home\",\"item\":\"https:\/\/www.guadalminagolf.com\/es\/\"},{\"@type\":\"ListItem\",\"position\":2,\"name\":\"Campo de Pr\u00e1cticas\"}]},{\"@type\":\"WebSite\",\"@id\":\"https:\/\/www.guadalminagolf.com\/#website\",\"url\":\"https:\/\/www.guadalminagolf.com\/\",\"name\":\"Real Club de Golf Guadalmina\",\"description\":\"\",\"publisher\":{\"@id\":\"https:\/\/www.guadalminagolf.com\/#organization\"},\"alternateName\":\"RCG Guadalmina\",\"potentialAction\":[{\"@type\":\"SearchAction\",\"target\":{\"@type\":\"EntryPoint\",\"urlTemplate\":\"https:\/\/www.guadalminagolf.com\/?s={search_term_string}\"},\"query-input\":{\"@type\":\"PropertyValueSpecification\",\"valueRequired\":true,\"valueName\":\"search_term_string\"}}],\"inLanguage\":\"es\"},{\"@type\":\"Organization\",\"@id\":\"https:\/\/www.guadalminagolf.com\/#organization\",\"name\":\"Real Club de Golf Guadalmina\",\"alternateName\":\"Real Club de Golf Guadalmina\",\"url\":\"https:\/\/www.guadalminagolf.com\/\",\"logo\":{\"@type\":\"ImageObject\",\"inLanguage\":\"es\",\"@id\":\"https:\/\/www.guadalminagolf.com\/#\/schema\/logo\/image\/\",\"url\":\"https:\/\/www.guadalminagolf.com\/wp-content\/uploads\/2023\/08\/logo-sin-fechas-2-14.jpg\",\"contentUrl\":\"https:\/\/www.guadalminagolf.com\/wp-content\/uploads\/2023\/08\/logo-sin-fechas-2-14.jpg\",\"width\":1526,\"height\":1809,\"caption\":\"Real Club de Golf Guadalmina\"},\"image\":{\"@id\":\"https:\/\/www.guadalminagolf.com\/#\/schema\/logo\/image\/\"},\"sameAs\":[\"https:\/\/www.facebook.com\/groups\/Amigos.de.Guadalmina\"]}]}<\/script>\n<!-- \/ Yoast SEO plugin. -->","yoast_head_json":{"title":"Campo de Pr\u00e1cticas - Real Club de Golf Guadalmina","description":"Campo de pr\u00e1cticas para 40 jugadores con plataforma cubierta con 21 plazas, chipping y bunker de pr\u00e1cticas y putting green.","robots":{"index":"index","follow":"follow","max-snippet":"max-snippet:-1","max-image-preview":"max-image-preview:large","max-video-preview":"max-video-preview:-1"},"canonical":"https:\/\/www.guadalminagolf.com\/driving-range\/","og_locale":"es_ES","og_type":"article","og_title":"Campo de Pr\u00e1cticas - Real Club de Golf Guadalmina","og_description":"Campo de pr\u00e1cticas para 40 jugadores con plataforma cubierta con 21 plazas, chipping y bunker de pr\u00e1cticas y putting green.","og_url":"https:\/\/www.guadalminagolf.com\/driving-range\/","og_site_name":"Real Club de Golf Guadalmina","article_publisher":"https:\/\/www.facebook.com\/groups\/Amigos.de.Guadalmina","article_modified_time":"2024-02-05T17:49:31+00:00","og_image":[{"width":1526,"height":1809,"url":"https:\/\/www.guadalminagolf.com\/wp-content\/uploads\/2023\/08\/logo-sin-fechas-2-12.jpg","type":"image\/jpeg"}],"twitter_card":"summary_large_image","twitter_misc":{"Tiempo de lectura":"2 minutos"},"schema":{"@context":"https:\/\/schema.org","@graph":[{"@type":"WebPage","@id":"https:\/\/www.guadalminagolf.com\/driving-range\/","url":"https:\/\/www.guadalminagolf.com\/driving-range\/","name":"Campo de Pr\u00e1cticas - Real Club de Golf Guadalmina","isPartOf":{"@id":"https:\/\/www.guadalminagolf.com\/#website"},"datePublished":"2023-02-03T15:50:14+00:00","dateModified":"2024-02-05T17:49:31+00:00","description":"Campo de pr\u00e1cticas para 40 jugadores con plataforma cubierta con 21 plazas, chipping y bunker de pr\u00e1cticas y putting green.","breadcrumb":{"@id":"https:\/\/www.guadalminagolf.com\/driving-range\/#breadcrumb"},"inLanguage":"es","potentialAction":[{"@type":"ReadAction","target":["https:\/\/www.guadalminagolf.com\/driving-range\/"]}]},{"@type":"BreadcrumbList","@id":"https:\/\/www.guadalminagolf.com\/driving-range\/#breadcrumb","itemListElement":[{"@type":"ListItem","position":1,"name":"Home","item":"https:\/\/www.guadalminagolf.com\/es\/"},{"@type":"ListItem","position":2,"name":"Campo de Pr\u00e1cticas"}]},{"@type":"WebSite","@id":"https:\/\/www.guadalminagolf.com\/#website","url":"https:\/\/www.guadalminagolf.com\/","name":"Real Club de Golf Guadalmina","description":"","publisher":{"@id":"https:\/\/www.guadalminagolf.com\/#organization"},"alternateName":"RCG Guadalmina","potentialAction":[{"@type":"SearchAction","target":{"@type":"EntryPoint","urlTemplate":"https:\/\/www.guadalminagolf.com\/?s={search_term_string}"},"query-input":{"@type":"PropertyValueSpecification","valueRequired":true,"valueName":"search_term_string"}}],"inLanguage":"es"},{"@type":"Organization","@id":"https:\/\/www.guadalminagolf.com\/#organization","name":"Real Club de Golf Guadalmina","alternateName":"Real Club de Golf Guadalmina","url":"https:\/\/www.guadalminagolf.com\/","logo":{"@type":"ImageObject","inLanguage":"es","@id":"https:\/\/www.guadalminagolf.com\/#\/schema\/logo\/image\/","url":"https:\/\/www.guadalminagolf.com\/wp-content\/uploads\/2023\/08\/logo-sin-fechas-2-14.jpg","contentUrl":"https:\/\/www.guadalminagolf.com\/wp-content\/uploads\/2023\/08\/logo-sin-fechas-2-14.jpg","width":1526,"height":1809,"caption":"Real Club de Golf Guadalmina"},"image":{"@id":"https:\/\/www.guadalminagolf.com\/#\/schema\/logo\/image\/"},"sameAs":["https:\/\/www.facebook.com\/groups\/Amigos.de.Guadalmina"]}]}},"_links":{"self":[{"href":"https:\/\/www.guadalminagolf.com\/es\/wp-json\/wp\/v2\/pages\/867","targetHints":{"allow":["GET"]}}],"collection":[{"href":"https:\/\/www.guadalminagolf.com\/es\/wp-json\/wp\/v2\/pages"}],"about":[{"href":"https:\/\/www.guadalminagolf.com\/es\/wp-json\/wp\/v2\/types\/page"}],"author":[{"embeddable":true,"href":"https:\/\/www.guadalminagolf.com\/es\/wp-json\/wp\/v2\/users\/1"}],"replies":[{"embeddable":true,"href":"https:\/\/www.guadalminagolf.com\/es\/wp-json\/wp\/v2\/comments?post=867"}],"version-history":[{"count":4,"href":"https:\/\/www.guadalminagolf.com\/es\/wp-json\/wp\/v2\/pages\/867\/revisions"}],"predecessor-version":[{"id":26838,"href":"https:\/\/www.guadalminagolf.com\/es\/wp-json\/wp\/v2\/pages\/867\/revisions\/26838"}],"wp:attachment":[{"href":"https:\/\/www.guadalminagolf.com\/es\/wp-json\/wp\/v2\/media?parent=867"}],"curies":[{"name":"wp","href":"https:\/\/api.w.org\/{rel}","templated":true}]}}