

{"id":846,"date":"2023-02-03T16:18:20","date_gmt":"2023-02-03T16:18:20","guid":{"rendered":"https:\/\/guadalminagolf.com\/?page_id=846"},"modified":"2024-02-05T17:44:29","modified_gmt":"2024-02-05T17:44:29","slug":"campo-pitch-putt","status":"publish","type":"page","link":"https:\/\/www.guadalminagolf.com\/es\/campo-pitch-putt\/","title":{"rendered":"Campo Pitch &#038; Putt"},"content":{"rendered":"\r\n\n  <div class=\"banner has-hover has-parallax\" id=\"banner-876728175\">\n          <div class=\"banner-inner fill\">\n        <div class=\"banner-bg fill\" data-parallax=\"-4\" data-parallax-container=\".banner\" data-parallax-background>\n            <img loading=\"lazy\" decoding=\"async\" width=\"1800\" height=\"1200\" src=\"https:\/\/www.guadalminagolf.com\/wp-content\/uploads\/2023\/06\/Pitch-Putt.jpg\" class=\"bg attachment-original size-original\" alt=\"Pitch &amp; Putt Guadalmina\" \/>                        <div class=\"overlay\"><\/div>            \n                    <\/div>\n\t\t\n        <div class=\"banner-layers container\">\n            <div class=\"fill banner-link\"><\/div>            \r\n\r\n   <div id=\"text-box-1632163637\" class=\"text-box banner-layer x50 md-x50 lg-x50 y50 md-y50 lg-y50 res-text\">\n              <div data-parallax=\"-3\" data-parallax-fade=\"true\">       <div data-animate=\"fadeInUp\">           <div class=\"text-box-content text dark text-shadow-1\">\n              \n              <div class=\"text-inner text-center\">\n                  \r\n\r\n<h2 class=\"uppercase\"><strong>Pitch &amp; Putt<\/strong><\/h2>\r\n<p class=\"lead\">Adem\u00e1s de los dos campos de 18 hoyos, el Real Club de Golf Guadalmina cuenta con otro de 9 con recorrido corto.<\/p>\r\n\r\n\r\n              <\/div>\n           <\/div>\n       <\/div>       <\/div>              \n<style>\n#text-box-1632163637 {\n  width: 100%;\n}\n#text-box-1632163637 .text-box-content {\n  font-size: 131%;\n}\n@media (min-width:550px) {\n  #text-box-1632163637 {\n    width: 71%;\n  }\n  #text-box-1632163637 .text-box-content {\n    font-size: 100%;\n  }\n}\n<\/style>\n    <\/div>\n \r\n\r\n        <\/div>\n      <\/div>\n\n            \n<style>\n#banner-876728175 {\n  padding-top: 600px;\n}\n#banner-876728175 .overlay {\n  background-color: rgba(0, 0, 0, 0.151);\n}\n#banner-876728175 .banner-bg img {\n  object-position: 44% 19%;\n}\n<\/style>\n  <\/div>\n\n\r\n\t<div id=\"gap-571478340\" class=\"gap-element clearfix\" style=\"display:block; height:auto;\">\n\t\t\n<style>\n#gap-571478340 {\n  padding-top: 50px;\n}\n<\/style>\n\t<\/div>\n\t\r\n\r\n<div class=\"row\"  id=\"row-1818764865\">\r\n\r\n\n\t<div id=\"col-1524412365\" class=\"col small-12 large-12\"  >\n\t\t\t\t<div class=\"col-inner\"  >\n\t\t\t\n\t\t\t\r\n\r\n<p>El campo de Pitch &amp; Putt del Real Club de Golf Guadalmina, fue construido en 1989, y cuenta con 9 hoyos de pare 3 , de diversa longitud, las distancias var\u00edan entre los 115 m del m\u00e1s largo hasta los 56 m del m\u00e1s corto.<\/p>\r\n<p>Una particularidad del campo de Pitch &amp; Putt , es que cuneta con dos posiciones de salida, para cada hoyo, por lo que en realidad se puede decir que el campo de pares tres del Real Club de Golf Guadalmina, es un campo de 18 hoyos.<\/p>\r\n<p>Los tees de salida son plataformas de c\u00e9sped artificial, que permite jugar durante todo el a\u00f1o en buenas condiciones. Los greens del campo de pitch &amp; putt son peque\u00f1os con una longitud entre 14 y 20 metros de profundidad, con poco movimiento, en algunos casos protegidos por bunkers.<\/p>\r\n<p>El agua tambi\u00e9n est\u00e1 presente en el recorrido, tanto el lago que comparten los hoyos 2 y 6 como el rio Guadalmina. Esta campo de golf ocupa una superficie de 33.000 m<sup>2 <\/sup>, que pr\u00e1cticamente discurren en dos plataformas muy definidas.<\/p>\r\n<div class=\"row align-middle align-center\"  id=\"row-1700721856\">\r\n\r\n\n\t<div id=\"col-174850472\" class=\"col small-12 large-12\"  >\n\t\t\t\t<div class=\"col-inner text-center\"  >\n\t\t\t\n\t\t\t\r\n\r\n<a href=\"http:\/\/guadalminagolf.com\/wp-content\/uploads\/2023\/02\/tarjetapitchputt_02_2018.pdf\" target=\"_blank\" class=\"button primary is-outline\" rel=\"noopener\"  >\n    <span>Descargar Tarjeta<\/span>\n  <i class=\"icon-menu\" aria-hidden=\"true\" ><\/i><\/a>\n\r\n\r\n<a href=\"http:\/\/guadalminagolf.com\/wp-content\/uploads\/2023\/02\/slope_pitch_2018.pdf\" target=\"_blank\" class=\"button primary is-outline\" rel=\"noopener\"  >\n    <span>Descargar Slope<\/span>\n  <i class=\"icon-menu\" aria-hidden=\"true\" ><\/i><\/a>\n\r\n\r\n\r\n\t\t<\/div>\n\t\t\t\t\t<\/div>\n\n\t\r\n\r\n<\/div>\r\n<p>Algunos de los hoyos son conocidos por su dificultad, como el hoyo 3\/12 , con un green en alto, que exige una gran precisi\u00f3n o el hoyo 9\/18 que para terminar exige un golpe por encima de los arboles , que protegen un green rodeado por un bunker profundo.<\/p>\r\n<p>El campo de Pitch &amp; Putt est\u00e1 junto a la zona de pr\u00e1cticas del Aza\u00b4s Corner, y comparte el aparcamiento para veh\u00edculos, con esa zona de pr\u00e1cticas. Podemos decir que esta instalaci\u00f3n es el complemento ideal, tanto para jugadores noveles, como para los jugadores que desean mejorar la precisi\u00f3n en el juego corto.<\/p>\r\n<p>Una partida en los 18 hoyos del \u201ccampo corto\u201d de Guadalmina, puede requerir algo m\u00e1s de una hola y media, y estamos seguros que cuando vuelva a jugar al \u201ccampo grande\u201d su juego de aproximaci\u00f3n a la bandera, lo agradecer\u00e1 y ver\u00e1 los resultados.<\/p>\r\n\r\n\t\t<\/div>\n\t\t\t\t\t<\/div>\n\n\t\r\n\r\n<\/div>\r\n<div class=\"row\"  id=\"row-805965533\">\r\n\r\n\n\t<div id=\"col-467404399\" class=\"col small-12 large-12\"  >\n\t\t\t\t<div class=\"col-inner\"  >\n\t\t\t\n\t\t\t\r\n\r\n\n  \n    <div class=\"row large-columns-4 medium-columns-3 small-columns-2 row-xsmall\" >\n  <div class=\"gallery-col col\" >\n          <div class=\"col-inner\">\n            <a class=\"image-lightbox lightbox-gallery\" href=\"https:\/\/www.guadalminagolf.com\/wp-content\/uploads\/2023\/06\/PitchPutt-Guadalmina-Golf-8.jpg\" title=\"\">            <div class=\"box has-hover gallery-box box-overlay dark\">\n              <div class=\"box-image\" >\n                <img loading=\"lazy\" decoding=\"async\" width=\"601\" height=\"400\" src=\"https:\/\/www.guadalminagolf.com\/wp-content\/uploads\/2023\/06\/PitchPutt-Guadalmina-Golf-8-601x400.jpg\" class=\"attachment-medium size-medium\" alt=\"\" ids=\"830,832,834,836,838,840,842,844\" col_spacing=\"xsmall\" srcset=\"https:\/\/www.guadalminagolf.com\/wp-content\/uploads\/2023\/06\/PitchPutt-Guadalmina-Golf-8-601x400.jpg 601w, https:\/\/www.guadalminagolf.com\/wp-content\/uploads\/2023\/06\/PitchPutt-Guadalmina-Golf-8-768x511.jpg 768w, https:\/\/www.guadalminagolf.com\/wp-content\/uploads\/2023\/06\/PitchPutt-Guadalmina-Golf-8.jpg 1200w\" sizes=\"auto, (max-width: 601px) 100vw, 601px\" \/>                                  <div class=\"overlay fill\"\n                      style=\"background-color: rgba(0,0,0,.15)\">\n                  <\/div>\n                                                              <\/div>\n              <div class=\"box-text text-left\" >\n                 <p><\/p>\n              <\/div>\n            <\/div>\n            <\/a>          <\/div>\n         <\/div><div class=\"gallery-col col\" >\n          <div class=\"col-inner\">\n            <a class=\"image-lightbox lightbox-gallery\" href=\"https:\/\/www.guadalminagolf.com\/wp-content\/uploads\/2023\/06\/PitchPutt-Guadalmina-Golf-7.jpg\" title=\"\">            <div class=\"box has-hover gallery-box box-overlay dark\">\n              <div class=\"box-image\" >\n                <img loading=\"lazy\" decoding=\"async\" width=\"601\" height=\"400\" src=\"https:\/\/www.guadalminagolf.com\/wp-content\/uploads\/2023\/06\/PitchPutt-Guadalmina-Golf-7-601x400.jpg\" class=\"attachment-medium size-medium\" alt=\"\" ids=\"830,832,834,836,838,840,842,844\" col_spacing=\"xsmall\" srcset=\"https:\/\/www.guadalminagolf.com\/wp-content\/uploads\/2023\/06\/PitchPutt-Guadalmina-Golf-7-601x400.jpg 601w, https:\/\/www.guadalminagolf.com\/wp-content\/uploads\/2023\/06\/PitchPutt-Guadalmina-Golf-7-768x511.jpg 768w, https:\/\/www.guadalminagolf.com\/wp-content\/uploads\/2023\/06\/PitchPutt-Guadalmina-Golf-7.jpg 1200w\" sizes=\"auto, (max-width: 601px) 100vw, 601px\" \/>                                  <div class=\"overlay fill\"\n                      style=\"background-color: rgba(0,0,0,.15)\">\n                  <\/div>\n                                                              <\/div>\n              <div class=\"box-text text-left\" >\n                 <p><\/p>\n              <\/div>\n            <\/div>\n            <\/a>          <\/div>\n         <\/div><div class=\"gallery-col col\" >\n          <div class=\"col-inner\">\n            <a class=\"image-lightbox lightbox-gallery\" href=\"https:\/\/www.guadalminagolf.com\/wp-content\/uploads\/2023\/06\/PitchPutt-Guadalmina-Golf-6.jpg\" title=\"\">            <div class=\"box has-hover gallery-box box-overlay dark\">\n              <div class=\"box-image\" >\n                <img loading=\"lazy\" decoding=\"async\" width=\"601\" height=\"400\" src=\"https:\/\/www.guadalminagolf.com\/wp-content\/uploads\/2023\/06\/PitchPutt-Guadalmina-Golf-6-601x400.jpg\" class=\"attachment-medium size-medium\" alt=\"\" ids=\"830,832,834,836,838,840,842,844\" col_spacing=\"xsmall\" srcset=\"https:\/\/www.guadalminagolf.com\/wp-content\/uploads\/2023\/06\/PitchPutt-Guadalmina-Golf-6-601x400.jpg 601w, https:\/\/www.guadalminagolf.com\/wp-content\/uploads\/2023\/06\/PitchPutt-Guadalmina-Golf-6-768x511.jpg 768w, https:\/\/www.guadalminagolf.com\/wp-content\/uploads\/2023\/06\/PitchPutt-Guadalmina-Golf-6.jpg 1200w\" sizes=\"auto, (max-width: 601px) 100vw, 601px\" \/>                                  <div class=\"overlay fill\"\n                      style=\"background-color: rgba(0,0,0,.15)\">\n                  <\/div>\n                                                              <\/div>\n              <div class=\"box-text text-left\" >\n                 <p><\/p>\n              <\/div>\n            <\/div>\n            <\/a>          <\/div>\n         <\/div><div class=\"gallery-col col\" >\n          <div class=\"col-inner\">\n            <a class=\"image-lightbox lightbox-gallery\" href=\"https:\/\/www.guadalminagolf.com\/wp-content\/uploads\/2023\/06\/PitchPutt-Guadalmina-Golf-5.jpg\" title=\"\">            <div class=\"box has-hover gallery-box box-overlay dark\">\n              <div class=\"box-image\" >\n                <img loading=\"lazy\" decoding=\"async\" width=\"601\" height=\"400\" src=\"https:\/\/www.guadalminagolf.com\/wp-content\/uploads\/2023\/06\/PitchPutt-Guadalmina-Golf-5-601x400.jpg\" class=\"attachment-medium size-medium\" alt=\"\" ids=\"830,832,834,836,838,840,842,844\" col_spacing=\"xsmall\" srcset=\"https:\/\/www.guadalminagolf.com\/wp-content\/uploads\/2023\/06\/PitchPutt-Guadalmina-Golf-5-601x400.jpg 601w, https:\/\/www.guadalminagolf.com\/wp-content\/uploads\/2023\/06\/PitchPutt-Guadalmina-Golf-5-768x511.jpg 768w, https:\/\/www.guadalminagolf.com\/wp-content\/uploads\/2023\/06\/PitchPutt-Guadalmina-Golf-5.jpg 1200w\" sizes=\"auto, (max-width: 601px) 100vw, 601px\" \/>                                  <div class=\"overlay fill\"\n                      style=\"background-color: rgba(0,0,0,.15)\">\n                  <\/div>\n                                                              <\/div>\n              <div class=\"box-text text-left\" >\n                 <p><\/p>\n              <\/div>\n            <\/div>\n            <\/a>          <\/div>\n         <\/div><div class=\"gallery-col col\" >\n          <div class=\"col-inner\">\n            <a class=\"image-lightbox lightbox-gallery\" href=\"https:\/\/www.guadalminagolf.com\/wp-content\/uploads\/2023\/06\/PitchPutt-Guadalmina-Golf-4.jpg\" title=\"\">            <div class=\"box has-hover gallery-box box-overlay dark\">\n              <div class=\"box-image\" >\n                <img loading=\"lazy\" decoding=\"async\" width=\"601\" height=\"400\" src=\"https:\/\/www.guadalminagolf.com\/wp-content\/uploads\/2023\/06\/PitchPutt-Guadalmina-Golf-4-601x400.jpg\" class=\"attachment-medium size-medium\" alt=\"\" ids=\"830,832,834,836,838,840,842,844\" col_spacing=\"xsmall\" srcset=\"https:\/\/www.guadalminagolf.com\/wp-content\/uploads\/2023\/06\/PitchPutt-Guadalmina-Golf-4-601x400.jpg 601w, https:\/\/www.guadalminagolf.com\/wp-content\/uploads\/2023\/06\/PitchPutt-Guadalmina-Golf-4-768x511.jpg 768w, https:\/\/www.guadalminagolf.com\/wp-content\/uploads\/2023\/06\/PitchPutt-Guadalmina-Golf-4.jpg 1200w\" sizes=\"auto, (max-width: 601px) 100vw, 601px\" \/>                                  <div class=\"overlay fill\"\n                      style=\"background-color: rgba(0,0,0,.15)\">\n                  <\/div>\n                                                              <\/div>\n              <div class=\"box-text text-left\" >\n                 <p><\/p>\n              <\/div>\n            <\/div>\n            <\/a>          <\/div>\n         <\/div><div class=\"gallery-col col\" >\n          <div class=\"col-inner\">\n            <a class=\"image-lightbox lightbox-gallery\" href=\"https:\/\/www.guadalminagolf.com\/wp-content\/uploads\/2023\/06\/PitchPutt-Guadalmina-Golf-3.jpg\" title=\"\">            <div class=\"box has-hover gallery-box box-overlay dark\">\n              <div class=\"box-image\" >\n                <img loading=\"lazy\" decoding=\"async\" width=\"601\" height=\"400\" src=\"https:\/\/www.guadalminagolf.com\/wp-content\/uploads\/2023\/06\/PitchPutt-Guadalmina-Golf-3-601x400.jpg\" class=\"attachment-medium size-medium\" alt=\"\" ids=\"830,832,834,836,838,840,842,844\" col_spacing=\"xsmall\" srcset=\"https:\/\/www.guadalminagolf.com\/wp-content\/uploads\/2023\/06\/PitchPutt-Guadalmina-Golf-3-601x400.jpg 601w, https:\/\/www.guadalminagolf.com\/wp-content\/uploads\/2023\/06\/PitchPutt-Guadalmina-Golf-3-768x511.jpg 768w, https:\/\/www.guadalminagolf.com\/wp-content\/uploads\/2023\/06\/PitchPutt-Guadalmina-Golf-3.jpg 1200w\" sizes=\"auto, (max-width: 601px) 100vw, 601px\" \/>                                  <div class=\"overlay fill\"\n                      style=\"background-color: rgba(0,0,0,.15)\">\n                  <\/div>\n                                                              <\/div>\n              <div class=\"box-text text-left\" >\n                 <p><\/p>\n              <\/div>\n            <\/div>\n            <\/a>          <\/div>\n         <\/div><div class=\"gallery-col col\" >\n          <div class=\"col-inner\">\n            <a class=\"image-lightbox lightbox-gallery\" href=\"https:\/\/www.guadalminagolf.com\/wp-content\/uploads\/2023\/06\/PitchPutt-Guadalmina-Golf-2.jpg\" title=\"\">            <div class=\"box has-hover gallery-box box-overlay dark\">\n              <div class=\"box-image\" >\n                <img loading=\"lazy\" decoding=\"async\" width=\"601\" height=\"400\" src=\"https:\/\/www.guadalminagolf.com\/wp-content\/uploads\/2023\/06\/PitchPutt-Guadalmina-Golf-2-601x400.jpg\" class=\"attachment-medium size-medium\" alt=\"\" ids=\"830,832,834,836,838,840,842,844\" col_spacing=\"xsmall\" srcset=\"https:\/\/www.guadalminagolf.com\/wp-content\/uploads\/2023\/06\/PitchPutt-Guadalmina-Golf-2-601x400.jpg 601w, https:\/\/www.guadalminagolf.com\/wp-content\/uploads\/2023\/06\/PitchPutt-Guadalmina-Golf-2-768x511.jpg 768w, https:\/\/www.guadalminagolf.com\/wp-content\/uploads\/2023\/06\/PitchPutt-Guadalmina-Golf-2.jpg 1200w\" sizes=\"auto, (max-width: 601px) 100vw, 601px\" \/>                                  <div class=\"overlay fill\"\n                      style=\"background-color: rgba(0,0,0,.15)\">\n                  <\/div>\n                                                              <\/div>\n              <div class=\"box-text text-left\" >\n                 <p><\/p>\n              <\/div>\n            <\/div>\n            <\/a>          <\/div>\n         <\/div><div class=\"gallery-col col\" >\n          <div class=\"col-inner\">\n            <a class=\"image-lightbox lightbox-gallery\" href=\"https:\/\/www.guadalminagolf.com\/wp-content\/uploads\/2023\/06\/PitchPutt-Guadalmina-Golf-1.jpg\" title=\"\">            <div class=\"box has-hover gallery-box box-overlay dark\">\n              <div class=\"box-image\" >\n                <img loading=\"lazy\" decoding=\"async\" width=\"601\" height=\"400\" src=\"https:\/\/www.guadalminagolf.com\/wp-content\/uploads\/2023\/06\/PitchPutt-Guadalmina-Golf-1-601x400.jpg\" class=\"attachment-medium size-medium\" alt=\"\" ids=\"830,832,834,836,838,840,842,844\" col_spacing=\"xsmall\" srcset=\"https:\/\/www.guadalminagolf.com\/wp-content\/uploads\/2023\/06\/PitchPutt-Guadalmina-Golf-1-601x400.jpg 601w, https:\/\/www.guadalminagolf.com\/wp-content\/uploads\/2023\/06\/PitchPutt-Guadalmina-Golf-1-768x511.jpg 768w, https:\/\/www.guadalminagolf.com\/wp-content\/uploads\/2023\/06\/PitchPutt-Guadalmina-Golf-1.jpg 1200w\" sizes=\"auto, (max-width: 601px) 100vw, 601px\" \/>                                  <div class=\"overlay fill\"\n                      style=\"background-color: rgba(0,0,0,.15)\">\n                  <\/div>\n                                                              <\/div>\n              <div class=\"box-text text-left\" >\n                 <p><\/p>\n              <\/div>\n            <\/div>\n            <\/a>          <\/div>\n         <\/div><\/div>\r\n\r\n\r\n\t\t<\/div>\n\t\t\t\t\t<\/div>\n\n\t\r\n\r\n<\/div>\r\n\r\n","protected":false},"excerpt":{"rendered":"","protected":false},"author":1,"featured_media":0,"parent":0,"menu_order":0,"comment_status":"closed","ping_status":"closed","template":"page-transparent-header-light.php","meta":{"footnotes":""},"class_list":["post-846","page","type-page","status-publish","hentry"],"yoast_head":"<!-- This site is optimized with the Yoast SEO plugin v27.2 - https:\/\/yoast.com\/product\/yoast-seo-wordpress\/ -->\n<title>Campo Pitch &amp; Putt 9 hoyos- Real Club de Golf Guadalmina<\/title>\n<meta name=\"description\" content=\"Campo de pitch &amp; putt de 9 hoyos para jugadores que est\u00e1n iniciando en el golf en la Costa del Sol o para mejorar el juego corto\" \/>\n<meta name=\"robots\" content=\"index, follow, max-snippet:-1, max-image-preview:large, max-video-preview:-1\" \/>\n<link rel=\"canonical\" href=\"https:\/\/www.guadalminagolf.com\/pitch-putt-golf\/\" \/>\n<meta property=\"og:locale\" content=\"es_ES\" \/>\n<meta property=\"og:type\" content=\"article\" \/>\n<meta property=\"og:title\" content=\"Campo Pitch &amp; Putt 9 hoyos- Real Club de Golf Guadalmina\" \/>\n<meta property=\"og:description\" content=\"Campo de pitch &amp; putt de 9 hoyos para jugadores que est\u00e1n iniciando en el golf en la Costa del Sol o para mejorar el juego corto\" \/>\n<meta property=\"og:url\" content=\"https:\/\/www.guadalminagolf.com\/pitch-putt-golf\/\" \/>\n<meta property=\"og:site_name\" content=\"Real Club de Golf Guadalmina\" \/>\n<meta property=\"article:publisher\" content=\"https:\/\/www.facebook.com\/groups\/Amigos.de.Guadalmina\" \/>\n<meta property=\"article:modified_time\" content=\"2024-02-05T17:44:29+00:00\" \/>\n<meta property=\"og:image\" content=\"https:\/\/www.guadalminagolf.com\/wp-content\/uploads\/2023\/08\/logo-sin-fechas-2-12.jpg\" \/>\n\t<meta property=\"og:image:width\" content=\"1526\" \/>\n\t<meta property=\"og:image:height\" content=\"1809\" \/>\n\t<meta property=\"og:image:type\" content=\"image\/jpeg\" \/>\n<meta name=\"twitter:card\" content=\"summary_large_image\" \/>\n<meta name=\"twitter:label1\" content=\"Tiempo de lectura\" \/>\n\t<meta name=\"twitter:data1\" content=\"2 minutos\" \/>\n<script type=\"application\/ld+json\" class=\"yoast-schema-graph\">{\"@context\":\"https:\/\/schema.org\",\"@graph\":[{\"@type\":\"WebPage\",\"@id\":\"https:\/\/www.guadalminagolf.com\/pitch-putt-golf\/\",\"url\":\"https:\/\/www.guadalminagolf.com\/pitch-putt-golf\/\",\"name\":\"Campo Pitch & Putt 9 hoyos- Real Club de Golf Guadalmina\",\"isPartOf\":{\"@id\":\"https:\/\/www.guadalminagolf.com\/#website\"},\"datePublished\":\"2023-02-03T16:18:20+00:00\",\"dateModified\":\"2024-02-05T17:44:29+00:00\",\"description\":\"Campo de pitch & putt de 9 hoyos para jugadores que est\u00e1n iniciando en el golf en la Costa del Sol o para mejorar el juego corto\",\"breadcrumb\":{\"@id\":\"https:\/\/www.guadalminagolf.com\/pitch-putt-golf\/#breadcrumb\"},\"inLanguage\":\"es\",\"potentialAction\":[{\"@type\":\"ReadAction\",\"target\":[\"https:\/\/www.guadalminagolf.com\/pitch-putt-golf\/\"]}]},{\"@type\":\"BreadcrumbList\",\"@id\":\"https:\/\/www.guadalminagolf.com\/pitch-putt-golf\/#breadcrumb\",\"itemListElement\":[{\"@type\":\"ListItem\",\"position\":1,\"name\":\"Home\",\"item\":\"https:\/\/www.guadalminagolf.com\/es\/\"},{\"@type\":\"ListItem\",\"position\":2,\"name\":\"Campo Pitch &#038; Putt\"}]},{\"@type\":\"WebSite\",\"@id\":\"https:\/\/www.guadalminagolf.com\/#website\",\"url\":\"https:\/\/www.guadalminagolf.com\/\",\"name\":\"Real Club de Golf Guadalmina\",\"description\":\"\",\"publisher\":{\"@id\":\"https:\/\/www.guadalminagolf.com\/#organization\"},\"alternateName\":\"RCG Guadalmina\",\"potentialAction\":[{\"@type\":\"SearchAction\",\"target\":{\"@type\":\"EntryPoint\",\"urlTemplate\":\"https:\/\/www.guadalminagolf.com\/?s={search_term_string}\"},\"query-input\":{\"@type\":\"PropertyValueSpecification\",\"valueRequired\":true,\"valueName\":\"search_term_string\"}}],\"inLanguage\":\"es\"},{\"@type\":\"Organization\",\"@id\":\"https:\/\/www.guadalminagolf.com\/#organization\",\"name\":\"Real Club de Golf Guadalmina\",\"alternateName\":\"Real Club de Golf Guadalmina\",\"url\":\"https:\/\/www.guadalminagolf.com\/\",\"logo\":{\"@type\":\"ImageObject\",\"inLanguage\":\"es\",\"@id\":\"https:\/\/www.guadalminagolf.com\/#\/schema\/logo\/image\/\",\"url\":\"https:\/\/www.guadalminagolf.com\/wp-content\/uploads\/2023\/08\/logo-sin-fechas-2-14.jpg\",\"contentUrl\":\"https:\/\/www.guadalminagolf.com\/wp-content\/uploads\/2023\/08\/logo-sin-fechas-2-14.jpg\",\"width\":1526,\"height\":1809,\"caption\":\"Real Club de Golf Guadalmina\"},\"image\":{\"@id\":\"https:\/\/www.guadalminagolf.com\/#\/schema\/logo\/image\/\"},\"sameAs\":[\"https:\/\/www.facebook.com\/groups\/Amigos.de.Guadalmina\"]}]}<\/script>\n<!-- \/ Yoast SEO plugin. -->","yoast_head_json":{"title":"Campo Pitch & Putt 9 hoyos- Real Club de Golf Guadalmina","description":"Campo de pitch & putt de 9 hoyos para jugadores que est\u00e1n iniciando en el golf en la Costa del Sol o para mejorar el juego corto","robots":{"index":"index","follow":"follow","max-snippet":"max-snippet:-1","max-image-preview":"max-image-preview:large","max-video-preview":"max-video-preview:-1"},"canonical":"https:\/\/www.guadalminagolf.com\/pitch-putt-golf\/","og_locale":"es_ES","og_type":"article","og_title":"Campo Pitch & Putt 9 hoyos- Real Club de Golf Guadalmina","og_description":"Campo de pitch & putt de 9 hoyos para jugadores que est\u00e1n iniciando en el golf en la Costa del Sol o para mejorar el juego corto","og_url":"https:\/\/www.guadalminagolf.com\/pitch-putt-golf\/","og_site_name":"Real Club de Golf Guadalmina","article_publisher":"https:\/\/www.facebook.com\/groups\/Amigos.de.Guadalmina","article_modified_time":"2024-02-05T17:44:29+00:00","og_image":[{"width":1526,"height":1809,"url":"https:\/\/www.guadalminagolf.com\/wp-content\/uploads\/2023\/08\/logo-sin-fechas-2-12.jpg","type":"image\/jpeg"}],"twitter_card":"summary_large_image","twitter_misc":{"Tiempo de lectura":"2 minutos"},"schema":{"@context":"https:\/\/schema.org","@graph":[{"@type":"WebPage","@id":"https:\/\/www.guadalminagolf.com\/pitch-putt-golf\/","url":"https:\/\/www.guadalminagolf.com\/pitch-putt-golf\/","name":"Campo Pitch & Putt 9 hoyos- Real Club de Golf Guadalmina","isPartOf":{"@id":"https:\/\/www.guadalminagolf.com\/#website"},"datePublished":"2023-02-03T16:18:20+00:00","dateModified":"2024-02-05T17:44:29+00:00","description":"Campo de pitch & putt de 9 hoyos para jugadores que est\u00e1n iniciando en el golf en la Costa del Sol o para mejorar el juego corto","breadcrumb":{"@id":"https:\/\/www.guadalminagolf.com\/pitch-putt-golf\/#breadcrumb"},"inLanguage":"es","potentialAction":[{"@type":"ReadAction","target":["https:\/\/www.guadalminagolf.com\/pitch-putt-golf\/"]}]},{"@type":"BreadcrumbList","@id":"https:\/\/www.guadalminagolf.com\/pitch-putt-golf\/#breadcrumb","itemListElement":[{"@type":"ListItem","position":1,"name":"Home","item":"https:\/\/www.guadalminagolf.com\/es\/"},{"@type":"ListItem","position":2,"name":"Campo Pitch &#038; Putt"}]},{"@type":"WebSite","@id":"https:\/\/www.guadalminagolf.com\/#website","url":"https:\/\/www.guadalminagolf.com\/","name":"Real Club de Golf Guadalmina","description":"","publisher":{"@id":"https:\/\/www.guadalminagolf.com\/#organization"},"alternateName":"RCG Guadalmina","potentialAction":[{"@type":"SearchAction","target":{"@type":"EntryPoint","urlTemplate":"https:\/\/www.guadalminagolf.com\/?s={search_term_string}"},"query-input":{"@type":"PropertyValueSpecification","valueRequired":true,"valueName":"search_term_string"}}],"inLanguage":"es"},{"@type":"Organization","@id":"https:\/\/www.guadalminagolf.com\/#organization","name":"Real Club de Golf Guadalmina","alternateName":"Real Club de Golf Guadalmina","url":"https:\/\/www.guadalminagolf.com\/","logo":{"@type":"ImageObject","inLanguage":"es","@id":"https:\/\/www.guadalminagolf.com\/#\/schema\/logo\/image\/","url":"https:\/\/www.guadalminagolf.com\/wp-content\/uploads\/2023\/08\/logo-sin-fechas-2-14.jpg","contentUrl":"https:\/\/www.guadalminagolf.com\/wp-content\/uploads\/2023\/08\/logo-sin-fechas-2-14.jpg","width":1526,"height":1809,"caption":"Real Club de Golf Guadalmina"},"image":{"@id":"https:\/\/www.guadalminagolf.com\/#\/schema\/logo\/image\/"},"sameAs":["https:\/\/www.facebook.com\/groups\/Amigos.de.Guadalmina"]}]}},"_links":{"self":[{"href":"https:\/\/www.guadalminagolf.com\/es\/wp-json\/wp\/v2\/pages\/846","targetHints":{"allow":["GET"]}}],"collection":[{"href":"https:\/\/www.guadalminagolf.com\/es\/wp-json\/wp\/v2\/pages"}],"about":[{"href":"https:\/\/www.guadalminagolf.com\/es\/wp-json\/wp\/v2\/types\/page"}],"author":[{"embeddable":true,"href":"https:\/\/www.guadalminagolf.com\/es\/wp-json\/wp\/v2\/users\/1"}],"replies":[{"embeddable":true,"href":"https:\/\/www.guadalminagolf.com\/es\/wp-json\/wp\/v2\/comments?post=846"}],"version-history":[{"count":3,"href":"https:\/\/www.guadalminagolf.com\/es\/wp-json\/wp\/v2\/pages\/846\/revisions"}],"predecessor-version":[{"id":26837,"href":"https:\/\/www.guadalminagolf.com\/es\/wp-json\/wp\/v2\/pages\/846\/revisions\/26837"}],"wp:attachment":[{"href":"https:\/\/www.guadalminagolf.com\/es\/wp-json\/wp\/v2\/media?parent=846"}],"curies":[{"name":"wp","href":"https:\/\/api.w.org\/{rel}","templated":true}]}}