

{"id":26192,"date":"2023-10-10T12:36:49","date_gmt":"2023-10-10T12:36:49","guid":{"rendered":"https:\/\/www.guadalminagolf.com\/?page_id=26192"},"modified":"2023-10-10T12:41:54","modified_gmt":"2023-10-10T12:41:54","slug":"reforma-de-la-terraza","status":"publish","type":"page","link":"https:\/\/www.guadalminagolf.com\/es\/reforma-de-la-terraza\/","title":{"rendered":"Reforma de la terraza"},"content":{"rendered":"<p><strong>Estimados socios. \u2013<\/strong><\/p>\n<p>Volvemos a ponernos en contacto con vosotros para informaros del proyecto en el que hemos venimos trabajando desde hace unos meses y que quedara terminado a finales de noviembre.<\/p>\n<p>Se trata del cerramiento de la terraza de socios.<\/p>\n<p>Desde su apertura y puesta en funcionamiento, se convirti\u00f3 en una de las zonas m\u00e1s emblem\u00e1ticas del Club, sin embargo, comprobamos que la utilidad de la terraza depend\u00eda del estado del tiempo y eso nos hizo pensar que era necesario plantearnos un cerramiento mejor si quer\u00edamos utilizarla con m\u00e1s frecuencia.<\/p>\n<p>Esta soluci\u00f3n deb\u00eda cumplir con un objetivo fundamental, que consist\u00eda en dos puntos imprescindibles:<\/p>\n<ul>\n<li>Mantener la magn\u00edfica vista que actualmente tenemos sobre SIERRA BLANCA.<\/li>\n<li>Contar con un techo abatible que nos permitiera seguir viendo el cielo cuando quisi\u00e9ramos.<\/li>\n<\/ul>\n<p>Partiendo de estos dos conceptos b\u00e1sicos sobre los que hemos basado el Proyecto, nos pusimos a trabajar, y tras numerosas reuniones con proveedores, visitas a otras instalaciones etc. etc. creemos que se han conseguido en su totalidad.<\/p>\n<p>M\u00e1s abajo podr\u00e9is ver las im\u00e1genes y detalles informativos sobre la reforma.<\/p>\n<p>Adem\u00e1s de estos puntos fuertes, la instalaci\u00f3n de la nueva p\u00e9rgola contara con aire acondicionado, calefacci\u00f3n, sonido etc.etc. que la van a convertir en una de las mejores terrazas de Marbella.<\/p>\n<p>Las obras comenzaran a finales de septiembre y terminaran en noviembre.<\/p>\n<p>Pedimos disculpas a los socios porque durante este periodo de obras la zona de los socios permanecer\u00e1 cerrada.<\/p>\n<p>Con esta nueva instalaci\u00f3n, seguimos trabajando para proporcionar a los socios m\u00e1s y mejores espacios que puedan disfrutar todo el a\u00f1o.<\/p>\n<p>Atentamente<\/p>\n<p>La junta directiva.<\/p>\n\n  \n    <div class=\"row large-columns-4 medium-columns-3 small-columns-2\" >\n  <div class=\"gallery-col col\" >\n          <div class=\"col-inner\">\n            <a class=\"image-lightbox lightbox-gallery\" href=\"https:\/\/www.guadalminagolf.com\/wp-content\/uploads\/2023\/10\/ASPECTO-PERGOLA.jpg\" title=\"\">            <div class=\"box has-hover gallery-box box-overlay dark\">\n              <div class=\"box-image\" >\n                <img loading=\"lazy\" decoding=\"async\" width=\"714\" height=\"400\" src=\"https:\/\/www.guadalminagolf.com\/wp-content\/uploads\/2023\/10\/ASPECTO-PERGOLA-714x400.jpg\" class=\"attachment-medium size-medium\" alt=\"\" ids=\"26200,26202,26204,26206\" srcset=\"https:\/\/www.guadalminagolf.com\/wp-content\/uploads\/2023\/10\/ASPECTO-PERGOLA-714x400.jpg 714w, https:\/\/www.guadalminagolf.com\/wp-content\/uploads\/2023\/10\/ASPECTO-PERGOLA-768x430.jpg 768w, https:\/\/www.guadalminagolf.com\/wp-content\/uploads\/2023\/10\/ASPECTO-PERGOLA.jpg 871w\" sizes=\"auto, (max-width: 714px) 100vw, 714px\" \/>                                  <div class=\"overlay fill\"\n                      style=\"background-color: rgba(0,0,0,.15)\">\n                  <\/div>\n                                                              <\/div>\n              <div class=\"box-text text-left\" >\n                 <p><\/p>\n              <\/div>\n            <\/div>\n            <\/a>          <\/div>\n         <\/div><div class=\"gallery-col col\" >\n          <div class=\"col-inner\">\n            <a class=\"image-lightbox lightbox-gallery\" href=\"https:\/\/www.guadalminagolf.com\/wp-content\/uploads\/2023\/10\/celosia-1.jpg\" title=\"\">            <div class=\"box has-hover gallery-box box-overlay dark\">\n              <div class=\"box-image\" >\n                <img loading=\"lazy\" decoding=\"async\" width=\"557\" height=\"313\" src=\"https:\/\/www.guadalminagolf.com\/wp-content\/uploads\/2023\/10\/celosia-1.jpg\" class=\"attachment-medium size-medium\" alt=\"\" ids=\"26200,26202,26204,26206\" \/>                                  <div class=\"overlay fill\"\n                      style=\"background-color: rgba(0,0,0,.15)\">\n                  <\/div>\n                                                              <\/div>\n              <div class=\"box-text text-left\" >\n                 <p><\/p>\n              <\/div>\n            <\/div>\n            <\/a>          <\/div>\n         <\/div><div class=\"gallery-col col\" >\n          <div class=\"col-inner\">\n            <a class=\"image-lightbox lightbox-gallery\" href=\"https:\/\/www.guadalminagolf.com\/wp-content\/uploads\/2023\/10\/INTERIOR-PERGOLA-1.jpg\" title=\"\">            <div class=\"box has-hover gallery-box box-overlay dark\">\n              <div class=\"box-image\" >\n                <img loading=\"lazy\" decoding=\"async\" width=\"613\" height=\"400\" src=\"https:\/\/www.guadalminagolf.com\/wp-content\/uploads\/2023\/10\/INTERIOR-PERGOLA-1-613x400.jpg\" class=\"attachment-medium size-medium\" alt=\"\" ids=\"26200,26202,26204,26206\" srcset=\"https:\/\/www.guadalminagolf.com\/wp-content\/uploads\/2023\/10\/INTERIOR-PERGOLA-1-613x400.jpg 613w, https:\/\/www.guadalminagolf.com\/wp-content\/uploads\/2023\/10\/INTERIOR-PERGOLA-1-768x501.jpg 768w, https:\/\/www.guadalminagolf.com\/wp-content\/uploads\/2023\/10\/INTERIOR-PERGOLA-1.jpg 860w\" sizes=\"auto, (max-width: 613px) 100vw, 613px\" \/>                                  <div class=\"overlay fill\"\n                      style=\"background-color: rgba(0,0,0,.15)\">\n                  <\/div>\n                                                              <\/div>\n              <div class=\"box-text text-left\" >\n                 <p><\/p>\n              <\/div>\n            <\/div>\n            <\/a>          <\/div>\n         <\/div><div class=\"gallery-col col\" >\n          <div class=\"col-inner\">\n            <a class=\"image-lightbox lightbox-gallery\" href=\"https:\/\/www.guadalminagolf.com\/wp-content\/uploads\/2023\/10\/PUERTA-CORREDERA-1.jpg\" title=\"\">            <div class=\"box has-hover gallery-box box-overlay dark\">\n              <div class=\"box-image\" >\n                <img loading=\"lazy\" decoding=\"async\" width=\"703\" height=\"400\" src=\"https:\/\/www.guadalminagolf.com\/wp-content\/uploads\/2023\/10\/PUERTA-CORREDERA-1-703x400.jpg\" class=\"attachment-medium size-medium\" alt=\"\" ids=\"26200,26202,26204,26206\" srcset=\"https:\/\/www.guadalminagolf.com\/wp-content\/uploads\/2023\/10\/PUERTA-CORREDERA-1-703x400.jpg 703w, https:\/\/www.guadalminagolf.com\/wp-content\/uploads\/2023\/10\/PUERTA-CORREDERA-1-768x437.jpg 768w, https:\/\/www.guadalminagolf.com\/wp-content\/uploads\/2023\/10\/PUERTA-CORREDERA-1.jpg 877w\" sizes=\"auto, (max-width: 703px) 100vw, 703px\" \/>                                  <div class=\"overlay fill\"\n                      style=\"background-color: rgba(0,0,0,.15)\">\n                  <\/div>\n                                                              <\/div>\n              <div class=\"box-text text-left\" >\n                 <p><\/p>\n              <\/div>\n            <\/div>\n            <\/a>          <\/div>\n         <\/div><\/div>\n","protected":false},"excerpt":{"rendered":"<p>Estimados socios. \u2013 Volvemos a ponernos en contacto con vosotros para informaros del proyecto en el que hemos venimos trabajando desde hace unos meses y que quedara terminado a finales de noviembre. Se trata del cerramiento de la terraza de socios. Desde su apertura y puesta en funcionamiento, se convirti\u00f3 en una de las zonas m\u00e1s emblem\u00e1ticas del Club, sin embargo, comprobamos que la utilidad de la terraza depend\u00eda del estado del tiempo y eso nos hizo pensar que era [&#8230;]\n","protected":false},"author":2060,"featured_media":0,"parent":0,"menu_order":0,"comment_status":"closed","ping_status":"closed","template":"","meta":{"footnotes":""},"class_list":["post-26192","page","type-page","status-publish","hentry"],"yoast_head":"<!-- This site is optimized with the Yoast SEO plugin v27.2 - https:\/\/yoast.com\/product\/yoast-seo-wordpress\/ -->\n<title>Reforma de la terraza - Real Club de Golf Guadalmina<\/title>\n<meta name=\"robots\" content=\"index, follow, max-snippet:-1, max-image-preview:large, max-video-preview:-1\" \/>\n<link rel=\"canonical\" href=\"https:\/\/www.guadalminagolf.com\/es\/reforma-de-la-terraza\/\" \/>\n<meta property=\"og:locale\" content=\"es_ES\" \/>\n<meta property=\"og:type\" content=\"article\" \/>\n<meta property=\"og:title\" content=\"Reforma de la terraza - Real Club de Golf Guadalmina\" \/>\n<meta property=\"og:description\" content=\"Estimados socios. \u2013 Volvemos a ponernos en contacto con vosotros para informaros del proyecto en el que hemos venimos trabajando desde hace unos meses y que quedara terminado a finales de noviembre. Se trata del cerramiento de la terraza de socios. Desde su apertura y puesta en funcionamiento, se convirti\u00f3 en una de las zonas m\u00e1s emblem\u00e1ticas del Club, sin embargo, comprobamos que la utilidad de la terraza depend\u00eda del estado del tiempo y eso nos hizo pensar que era [...]\" \/>\n<meta property=\"og:url\" content=\"https:\/\/www.guadalminagolf.com\/es\/reforma-de-la-terraza\/\" \/>\n<meta property=\"og:site_name\" content=\"Real Club de Golf Guadalmina\" \/>\n<meta property=\"article:publisher\" content=\"https:\/\/www.facebook.com\/groups\/Amigos.de.Guadalmina\" \/>\n<meta property=\"article:modified_time\" content=\"2023-10-10T12:41:54+00:00\" \/>\n<meta property=\"og:image\" content=\"https:\/\/www.guadalminagolf.com\/wp-content\/uploads\/2023\/08\/logo-sin-fechas-2-12.jpg\" \/>\n\t<meta property=\"og:image:width\" content=\"1526\" \/>\n\t<meta property=\"og:image:height\" content=\"1809\" \/>\n\t<meta property=\"og:image:type\" content=\"image\/jpeg\" \/>\n<meta name=\"twitter:card\" content=\"summary_large_image\" \/>\n<meta name=\"twitter:label1\" content=\"Tiempo de lectura\" \/>\n\t<meta name=\"twitter:data1\" content=\"1 minuto\" \/>\n<script type=\"application\/ld+json\" class=\"yoast-schema-graph\">{\"@context\":\"https:\/\/schema.org\",\"@graph\":[{\"@type\":\"WebPage\",\"@id\":\"https:\/\/www.guadalminagolf.com\/es\/reforma-de-la-terraza\/\",\"url\":\"https:\/\/www.guadalminagolf.com\/es\/reforma-de-la-terraza\/\",\"name\":\"Reforma de la terraza - Real Club de Golf Guadalmina\",\"isPartOf\":{\"@id\":\"https:\/\/www.guadalminagolf.com\/#website\"},\"datePublished\":\"2023-10-10T12:36:49+00:00\",\"dateModified\":\"2023-10-10T12:41:54+00:00\",\"breadcrumb\":{\"@id\":\"https:\/\/www.guadalminagolf.com\/es\/reforma-de-la-terraza\/#breadcrumb\"},\"inLanguage\":\"es\",\"potentialAction\":[{\"@type\":\"ReadAction\",\"target\":[\"https:\/\/www.guadalminagolf.com\/es\/reforma-de-la-terraza\/\"]}]},{\"@type\":\"BreadcrumbList\",\"@id\":\"https:\/\/www.guadalminagolf.com\/es\/reforma-de-la-terraza\/#breadcrumb\",\"itemListElement\":[{\"@type\":\"ListItem\",\"position\":1,\"name\":\"Home\",\"item\":\"https:\/\/www.guadalminagolf.com\/es\/\"},{\"@type\":\"ListItem\",\"position\":2,\"name\":\"Reforma de la terraza\"}]},{\"@type\":\"WebSite\",\"@id\":\"https:\/\/www.guadalminagolf.com\/#website\",\"url\":\"https:\/\/www.guadalminagolf.com\/\",\"name\":\"Real Club de Golf Guadalmina\",\"description\":\"\",\"publisher\":{\"@id\":\"https:\/\/www.guadalminagolf.com\/#organization\"},\"alternateName\":\"RCG Guadalmina\",\"potentialAction\":[{\"@type\":\"SearchAction\",\"target\":{\"@type\":\"EntryPoint\",\"urlTemplate\":\"https:\/\/www.guadalminagolf.com\/?s={search_term_string}\"},\"query-input\":{\"@type\":\"PropertyValueSpecification\",\"valueRequired\":true,\"valueName\":\"search_term_string\"}}],\"inLanguage\":\"es\"},{\"@type\":\"Organization\",\"@id\":\"https:\/\/www.guadalminagolf.com\/#organization\",\"name\":\"Real Club de Golf Guadalmina\",\"alternateName\":\"Real Club de Golf Guadalmina\",\"url\":\"https:\/\/www.guadalminagolf.com\/\",\"logo\":{\"@type\":\"ImageObject\",\"inLanguage\":\"es\",\"@id\":\"https:\/\/www.guadalminagolf.com\/#\/schema\/logo\/image\/\",\"url\":\"https:\/\/www.guadalminagolf.com\/wp-content\/uploads\/2023\/08\/logo-sin-fechas-2-14.jpg\",\"contentUrl\":\"https:\/\/www.guadalminagolf.com\/wp-content\/uploads\/2023\/08\/logo-sin-fechas-2-14.jpg\",\"width\":1526,\"height\":1809,\"caption\":\"Real Club de Golf Guadalmina\"},\"image\":{\"@id\":\"https:\/\/www.guadalminagolf.com\/#\/schema\/logo\/image\/\"},\"sameAs\":[\"https:\/\/www.facebook.com\/groups\/Amigos.de.Guadalmina\"]}]}<\/script>\n<!-- \/ Yoast SEO plugin. -->","yoast_head_json":{"title":"Reforma de la terraza - Real Club de Golf Guadalmina","robots":{"index":"index","follow":"follow","max-snippet":"max-snippet:-1","max-image-preview":"max-image-preview:large","max-video-preview":"max-video-preview:-1"},"canonical":"https:\/\/www.guadalminagolf.com\/es\/reforma-de-la-terraza\/","og_locale":"es_ES","og_type":"article","og_title":"Reforma de la terraza - Real Club de Golf Guadalmina","og_description":"Estimados socios. \u2013 Volvemos a ponernos en contacto con vosotros para informaros del proyecto en el que hemos venimos trabajando desde hace unos meses y que quedara terminado a finales de noviembre. Se trata del cerramiento de la terraza de socios. Desde su apertura y puesta en funcionamiento, se convirti\u00f3 en una de las zonas m\u00e1s emblem\u00e1ticas del Club, sin embargo, comprobamos que la utilidad de la terraza depend\u00eda del estado del tiempo y eso nos hizo pensar que era [...]","og_url":"https:\/\/www.guadalminagolf.com\/es\/reforma-de-la-terraza\/","og_site_name":"Real Club de Golf Guadalmina","article_publisher":"https:\/\/www.facebook.com\/groups\/Amigos.de.Guadalmina","article_modified_time":"2023-10-10T12:41:54+00:00","og_image":[{"width":1526,"height":1809,"url":"https:\/\/www.guadalminagolf.com\/wp-content\/uploads\/2023\/08\/logo-sin-fechas-2-12.jpg","type":"image\/jpeg"}],"twitter_card":"summary_large_image","twitter_misc":{"Tiempo de lectura":"1 minuto"},"schema":{"@context":"https:\/\/schema.org","@graph":[{"@type":"WebPage","@id":"https:\/\/www.guadalminagolf.com\/es\/reforma-de-la-terraza\/","url":"https:\/\/www.guadalminagolf.com\/es\/reforma-de-la-terraza\/","name":"Reforma de la terraza - Real Club de Golf Guadalmina","isPartOf":{"@id":"https:\/\/www.guadalminagolf.com\/#website"},"datePublished":"2023-10-10T12:36:49+00:00","dateModified":"2023-10-10T12:41:54+00:00","breadcrumb":{"@id":"https:\/\/www.guadalminagolf.com\/es\/reforma-de-la-terraza\/#breadcrumb"},"inLanguage":"es","potentialAction":[{"@type":"ReadAction","target":["https:\/\/www.guadalminagolf.com\/es\/reforma-de-la-terraza\/"]}]},{"@type":"BreadcrumbList","@id":"https:\/\/www.guadalminagolf.com\/es\/reforma-de-la-terraza\/#breadcrumb","itemListElement":[{"@type":"ListItem","position":1,"name":"Home","item":"https:\/\/www.guadalminagolf.com\/es\/"},{"@type":"ListItem","position":2,"name":"Reforma de la terraza"}]},{"@type":"WebSite","@id":"https:\/\/www.guadalminagolf.com\/#website","url":"https:\/\/www.guadalminagolf.com\/","name":"Real Club de Golf Guadalmina","description":"","publisher":{"@id":"https:\/\/www.guadalminagolf.com\/#organization"},"alternateName":"RCG Guadalmina","potentialAction":[{"@type":"SearchAction","target":{"@type":"EntryPoint","urlTemplate":"https:\/\/www.guadalminagolf.com\/?s={search_term_string}"},"query-input":{"@type":"PropertyValueSpecification","valueRequired":true,"valueName":"search_term_string"}}],"inLanguage":"es"},{"@type":"Organization","@id":"https:\/\/www.guadalminagolf.com\/#organization","name":"Real Club de Golf Guadalmina","alternateName":"Real Club de Golf Guadalmina","url":"https:\/\/www.guadalminagolf.com\/","logo":{"@type":"ImageObject","inLanguage":"es","@id":"https:\/\/www.guadalminagolf.com\/#\/schema\/logo\/image\/","url":"https:\/\/www.guadalminagolf.com\/wp-content\/uploads\/2023\/08\/logo-sin-fechas-2-14.jpg","contentUrl":"https:\/\/www.guadalminagolf.com\/wp-content\/uploads\/2023\/08\/logo-sin-fechas-2-14.jpg","width":1526,"height":1809,"caption":"Real Club de Golf Guadalmina"},"image":{"@id":"https:\/\/www.guadalminagolf.com\/#\/schema\/logo\/image\/"},"sameAs":["https:\/\/www.facebook.com\/groups\/Amigos.de.Guadalmina"]}]}},"_links":{"self":[{"href":"https:\/\/www.guadalminagolf.com\/es\/wp-json\/wp\/v2\/pages\/26192","targetHints":{"allow":["GET"]}}],"collection":[{"href":"https:\/\/www.guadalminagolf.com\/es\/wp-json\/wp\/v2\/pages"}],"about":[{"href":"https:\/\/www.guadalminagolf.com\/es\/wp-json\/wp\/v2\/types\/page"}],"author":[{"embeddable":true,"href":"https:\/\/www.guadalminagolf.com\/es\/wp-json\/wp\/v2\/users\/2060"}],"replies":[{"embeddable":true,"href":"https:\/\/www.guadalminagolf.com\/es\/wp-json\/wp\/v2\/comments?post=26192"}],"version-history":[{"count":4,"href":"https:\/\/www.guadalminagolf.com\/es\/wp-json\/wp\/v2\/pages\/26192\/revisions"}],"predecessor-version":[{"id":26210,"href":"https:\/\/www.guadalminagolf.com\/es\/wp-json\/wp\/v2\/pages\/26192\/revisions\/26210"}],"wp:attachment":[{"href":"https:\/\/www.guadalminagolf.com\/es\/wp-json\/wp\/v2\/media?parent=26192"}],"curies":[{"name":"wp","href":"https:\/\/api.w.org\/{rel}","templated":true}]}}