

{"id":1167,"date":"2023-07-07T08:19:32","date_gmt":"2023-07-07T08:19:32","guid":{"rendered":"https:\/\/www.guadalminagolf.com\/?page_id=1167"},"modified":"2023-07-07T08:19:51","modified_gmt":"2023-07-07T08:19:51","slug":"aviso-legal","status":"publish","type":"page","link":"https:\/\/www.guadalminagolf.com\/es\/aviso-legal\/","title":{"rendered":"Aviso Legal"},"content":{"rendered":"\n<p><strong>Denominaci\u00f3n Social:&nbsp;<\/strong>REAL CLUB DE GOLF GUADALMINA<br><strong>Domicilio Social:<\/strong>&nbsp;Urb. Guadalmina Alta, s\/n. 29678 San Pedro de Alc\u00e1ntara (M\u00e1laga)<br>(Marbella) &#8211; M\u00e1laga<br><strong>CIF \/ NIF:<\/strong>&nbsp;G-92026293<br><strong>Tel\u00e9fono:<\/strong>&nbsp;952 883 375<br><strong>Inscrita en el Registro: En 1996 en el Registro Andaluz de Asociaciones deportivas con el n\u00famero 39887<\/strong><\/p>\n\n\n\n<p><strong>OBJETO<\/strong><\/p>\n\n\n\n<p>&nbsp;El prestador, responsable del sitio web, pone a disposici\u00f3n de los usuarios el presente documento con el que pretende dar cumplimiento a las obligaciones dispuestas en la Ley 34\/2002, de Servicios de la Sociedad de la Informaci\u00f3n y del Comercio Electr\u00f3nico (LSSI-CE), as\u00ed como informar a todos los usuarios del sitio web respecto a cu\u00e1les son las condiciones de uso del sitio web.<br><br>Toda persona que acceda a este sitio web asume el papel de usuario, comprometi\u00e9ndose a la observancia y cumplimiento riguroso de las disposiciones aqu\u00ed dispuestas, as\u00ed como cualesquier otra disposici\u00f3n legal que fuera de aplicaci\u00f3n.<\/p>\n\n\n\n<p>&nbsp;El prestador se reserva el derecho a modificar cualquier tipo de informaci\u00f3n que pudiera aparecer en el sitio web, sin que exista obligaci\u00f3n de preavisar o poner en conocimiento de los usuarios dichas obligaciones, entendi\u00e9ndose como suficiente con la publicaci\u00f3n en el sitio web del prestador.<\/p>\n\n\n\n<p><strong>RESPONSABILIDAD<\/strong><\/p>\n\n\n\n<p>El prestador se exime de cualquier tipo de responsabilidad derivada de la informaci\u00f3n publicada en su sitio web, siempre que esta informaci\u00f3n haya sido manipulada o introducida por un tercero ajeno al mismo.<\/p>\n","protected":false},"excerpt":{"rendered":"<p>Denominaci\u00f3n Social:&nbsp;REAL CLUB DE GOLF GUADALMINADomicilio Social:&nbsp;Urb. Guadalmina Alta, s\/n. 29678 San Pedro de Alc\u00e1ntara (M\u00e1laga)(Marbella) &#8211; M\u00e1lagaCIF \/ NIF:&nbsp;G-92026293Tel\u00e9fono:&nbsp;952 883 375Inscrita en el Registro: En 1996 en el Registro Andaluz de Asociaciones deportivas con el n\u00famero 39887 OBJETO &nbsp;El prestador, responsable del sitio web, pone a disposici\u00f3n de los usuarios el presente documento con el que pretende dar cumplimiento a las obligaciones dispuestas en la Ley 34\/2002, de Servicios de la Sociedad de la Informaci\u00f3n y del Comercio Electr\u00f3nico [&#8230;]\n","protected":false},"author":1,"featured_media":0,"parent":0,"menu_order":0,"comment_status":"closed","ping_status":"closed","template":"","meta":{"footnotes":""},"class_list":["post-1167","page","type-page","status-publish","hentry"],"yoast_head":"<!-- This site is optimized with the Yoast SEO plugin v27.2 - https:\/\/yoast.com\/product\/yoast-seo-wordpress\/ -->\n<title>Aviso Legal - Real Club de Golf Guadalmina<\/title>\n<meta name=\"robots\" content=\"index, follow, max-snippet:-1, max-image-preview:large, max-video-preview:-1\" \/>\n<link rel=\"canonical\" href=\"https:\/\/www.guadalminagolf.com\/es\/aviso-legal\/\" \/>\n<meta property=\"og:locale\" content=\"es_ES\" \/>\n<meta property=\"og:type\" content=\"article\" \/>\n<meta property=\"og:title\" content=\"Aviso Legal - Real Club de Golf Guadalmina\" \/>\n<meta property=\"og:description\" content=\"Denominaci\u00f3n Social:&nbsp;REAL CLUB DE GOLF GUADALMINADomicilio Social:&nbsp;Urb. Guadalmina Alta, s\/n. 29678 San Pedro de Alc\u00e1ntara (M\u00e1laga)(Marbella) &#8211; M\u00e1lagaCIF \/ NIF:&nbsp;G-92026293Tel\u00e9fono:&nbsp;952 883 375Inscrita en el Registro: En 1996 en el Registro Andaluz de Asociaciones deportivas con el n\u00famero 39887 OBJETO &nbsp;El prestador, responsable del sitio web, pone a disposici\u00f3n de los usuarios el presente documento con el que pretende dar cumplimiento a las obligaciones dispuestas en la Ley 34\/2002, de Servicios de la Sociedad de la Informaci\u00f3n y del Comercio Electr\u00f3nico [...]\" \/>\n<meta property=\"og:url\" content=\"https:\/\/www.guadalminagolf.com\/es\/aviso-legal\/\" \/>\n<meta property=\"og:site_name\" content=\"Real Club de Golf Guadalmina\" \/>\n<meta property=\"article:publisher\" content=\"https:\/\/www.facebook.com\/groups\/Amigos.de.Guadalmina\" \/>\n<meta property=\"article:modified_time\" content=\"2023-07-07T08:19:51+00:00\" \/>\n<meta property=\"og:image\" content=\"https:\/\/www.guadalminagolf.com\/wp-content\/uploads\/2023\/08\/logo-sin-fechas-2-12.jpg\" \/>\n\t<meta property=\"og:image:width\" content=\"1526\" \/>\n\t<meta property=\"og:image:height\" content=\"1809\" \/>\n\t<meta property=\"og:image:type\" content=\"image\/jpeg\" \/>\n<meta name=\"twitter:card\" content=\"summary_large_image\" \/>\n<meta name=\"twitter:label1\" content=\"Tiempo de lectura\" \/>\n\t<meta name=\"twitter:data1\" content=\"1 minuto\" \/>\n<script type=\"application\/ld+json\" class=\"yoast-schema-graph\">{\"@context\":\"https:\/\/schema.org\",\"@graph\":[{\"@type\":\"WebPage\",\"@id\":\"https:\/\/www.guadalminagolf.com\/es\/aviso-legal\/\",\"url\":\"https:\/\/www.guadalminagolf.com\/es\/aviso-legal\/\",\"name\":\"Aviso Legal - Real Club de Golf Guadalmina\",\"isPartOf\":{\"@id\":\"https:\/\/www.guadalminagolf.com\/#website\"},\"datePublished\":\"2023-07-07T08:19:32+00:00\",\"dateModified\":\"2023-07-07T08:19:51+00:00\",\"breadcrumb\":{\"@id\":\"https:\/\/www.guadalminagolf.com\/es\/aviso-legal\/#breadcrumb\"},\"inLanguage\":\"es\",\"potentialAction\":[{\"@type\":\"ReadAction\",\"target\":[\"https:\/\/www.guadalminagolf.com\/es\/aviso-legal\/\"]}]},{\"@type\":\"BreadcrumbList\",\"@id\":\"https:\/\/www.guadalminagolf.com\/es\/aviso-legal\/#breadcrumb\",\"itemListElement\":[{\"@type\":\"ListItem\",\"position\":1,\"name\":\"Home\",\"item\":\"https:\/\/www.guadalminagolf.com\/es\/\"},{\"@type\":\"ListItem\",\"position\":2,\"name\":\"Aviso Legal\"}]},{\"@type\":\"WebSite\",\"@id\":\"https:\/\/www.guadalminagolf.com\/#website\",\"url\":\"https:\/\/www.guadalminagolf.com\/\",\"name\":\"Real Club de Golf Guadalmina\",\"description\":\"\",\"publisher\":{\"@id\":\"https:\/\/www.guadalminagolf.com\/#organization\"},\"alternateName\":\"RCG Guadalmina\",\"potentialAction\":[{\"@type\":\"SearchAction\",\"target\":{\"@type\":\"EntryPoint\",\"urlTemplate\":\"https:\/\/www.guadalminagolf.com\/?s={search_term_string}\"},\"query-input\":{\"@type\":\"PropertyValueSpecification\",\"valueRequired\":true,\"valueName\":\"search_term_string\"}}],\"inLanguage\":\"es\"},{\"@type\":\"Organization\",\"@id\":\"https:\/\/www.guadalminagolf.com\/#organization\",\"name\":\"Real Club de Golf Guadalmina\",\"alternateName\":\"Real Club de Golf Guadalmina\",\"url\":\"https:\/\/www.guadalminagolf.com\/\",\"logo\":{\"@type\":\"ImageObject\",\"inLanguage\":\"es\",\"@id\":\"https:\/\/www.guadalminagolf.com\/#\/schema\/logo\/image\/\",\"url\":\"https:\/\/www.guadalminagolf.com\/wp-content\/uploads\/2023\/08\/logo-sin-fechas-2-14.jpg\",\"contentUrl\":\"https:\/\/www.guadalminagolf.com\/wp-content\/uploads\/2023\/08\/logo-sin-fechas-2-14.jpg\",\"width\":1526,\"height\":1809,\"caption\":\"Real Club de Golf Guadalmina\"},\"image\":{\"@id\":\"https:\/\/www.guadalminagolf.com\/#\/schema\/logo\/image\/\"},\"sameAs\":[\"https:\/\/www.facebook.com\/groups\/Amigos.de.Guadalmina\"]}]}<\/script>\n<!-- \/ Yoast SEO plugin. -->","yoast_head_json":{"title":"Aviso Legal - Real Club de Golf Guadalmina","robots":{"index":"index","follow":"follow","max-snippet":"max-snippet:-1","max-image-preview":"max-image-preview:large","max-video-preview":"max-video-preview:-1"},"canonical":"https:\/\/www.guadalminagolf.com\/es\/aviso-legal\/","og_locale":"es_ES","og_type":"article","og_title":"Aviso Legal - Real Club de Golf Guadalmina","og_description":"Denominaci\u00f3n Social:&nbsp;REAL CLUB DE GOLF GUADALMINADomicilio Social:&nbsp;Urb. Guadalmina Alta, s\/n. 29678 San Pedro de Alc\u00e1ntara (M\u00e1laga)(Marbella) &#8211; M\u00e1lagaCIF \/ NIF:&nbsp;G-92026293Tel\u00e9fono:&nbsp;952 883 375Inscrita en el Registro: En 1996 en el Registro Andaluz de Asociaciones deportivas con el n\u00famero 39887 OBJETO &nbsp;El prestador, responsable del sitio web, pone a disposici\u00f3n de los usuarios el presente documento con el que pretende dar cumplimiento a las obligaciones dispuestas en la Ley 34\/2002, de Servicios de la Sociedad de la Informaci\u00f3n y del Comercio Electr\u00f3nico [...]","og_url":"https:\/\/www.guadalminagolf.com\/es\/aviso-legal\/","og_site_name":"Real Club de Golf Guadalmina","article_publisher":"https:\/\/www.facebook.com\/groups\/Amigos.de.Guadalmina","article_modified_time":"2023-07-07T08:19:51+00:00","og_image":[{"width":1526,"height":1809,"url":"https:\/\/www.guadalminagolf.com\/wp-content\/uploads\/2023\/08\/logo-sin-fechas-2-12.jpg","type":"image\/jpeg"}],"twitter_card":"summary_large_image","twitter_misc":{"Tiempo de lectura":"1 minuto"},"schema":{"@context":"https:\/\/schema.org","@graph":[{"@type":"WebPage","@id":"https:\/\/www.guadalminagolf.com\/es\/aviso-legal\/","url":"https:\/\/www.guadalminagolf.com\/es\/aviso-legal\/","name":"Aviso Legal - Real Club de Golf Guadalmina","isPartOf":{"@id":"https:\/\/www.guadalminagolf.com\/#website"},"datePublished":"2023-07-07T08:19:32+00:00","dateModified":"2023-07-07T08:19:51+00:00","breadcrumb":{"@id":"https:\/\/www.guadalminagolf.com\/es\/aviso-legal\/#breadcrumb"},"inLanguage":"es","potentialAction":[{"@type":"ReadAction","target":["https:\/\/www.guadalminagolf.com\/es\/aviso-legal\/"]}]},{"@type":"BreadcrumbList","@id":"https:\/\/www.guadalminagolf.com\/es\/aviso-legal\/#breadcrumb","itemListElement":[{"@type":"ListItem","position":1,"name":"Home","item":"https:\/\/www.guadalminagolf.com\/es\/"},{"@type":"ListItem","position":2,"name":"Aviso Legal"}]},{"@type":"WebSite","@id":"https:\/\/www.guadalminagolf.com\/#website","url":"https:\/\/www.guadalminagolf.com\/","name":"Real Club de Golf Guadalmina","description":"","publisher":{"@id":"https:\/\/www.guadalminagolf.com\/#organization"},"alternateName":"RCG Guadalmina","potentialAction":[{"@type":"SearchAction","target":{"@type":"EntryPoint","urlTemplate":"https:\/\/www.guadalminagolf.com\/?s={search_term_string}"},"query-input":{"@type":"PropertyValueSpecification","valueRequired":true,"valueName":"search_term_string"}}],"inLanguage":"es"},{"@type":"Organization","@id":"https:\/\/www.guadalminagolf.com\/#organization","name":"Real Club de Golf Guadalmina","alternateName":"Real Club de Golf Guadalmina","url":"https:\/\/www.guadalminagolf.com\/","logo":{"@type":"ImageObject","inLanguage":"es","@id":"https:\/\/www.guadalminagolf.com\/#\/schema\/logo\/image\/","url":"https:\/\/www.guadalminagolf.com\/wp-content\/uploads\/2023\/08\/logo-sin-fechas-2-14.jpg","contentUrl":"https:\/\/www.guadalminagolf.com\/wp-content\/uploads\/2023\/08\/logo-sin-fechas-2-14.jpg","width":1526,"height":1809,"caption":"Real Club de Golf Guadalmina"},"image":{"@id":"https:\/\/www.guadalminagolf.com\/#\/schema\/logo\/image\/"},"sameAs":["https:\/\/www.facebook.com\/groups\/Amigos.de.Guadalmina"]}]}},"_links":{"self":[{"href":"https:\/\/www.guadalminagolf.com\/es\/wp-json\/wp\/v2\/pages\/1167","targetHints":{"allow":["GET"]}}],"collection":[{"href":"https:\/\/www.guadalminagolf.com\/es\/wp-json\/wp\/v2\/pages"}],"about":[{"href":"https:\/\/www.guadalminagolf.com\/es\/wp-json\/wp\/v2\/types\/page"}],"author":[{"embeddable":true,"href":"https:\/\/www.guadalminagolf.com\/es\/wp-json\/wp\/v2\/users\/1"}],"replies":[{"embeddable":true,"href":"https:\/\/www.guadalminagolf.com\/es\/wp-json\/wp\/v2\/comments?post=1167"}],"version-history":[{"count":1,"href":"https:\/\/www.guadalminagolf.com\/es\/wp-json\/wp\/v2\/pages\/1167\/revisions"}],"predecessor-version":[{"id":1168,"href":"https:\/\/www.guadalminagolf.com\/es\/wp-json\/wp\/v2\/pages\/1167\/revisions\/1168"}],"wp:attachment":[{"href":"https:\/\/www.guadalminagolf.com\/es\/wp-json\/wp\/v2\/media?parent=1167"}],"curies":[{"name":"wp","href":"https:\/\/api.w.org\/{rel}","templated":true}]}}