

{"id":1163,"date":"2022-12-15T15:22:11","date_gmt":"2022-12-15T15:22:11","guid":{"rendered":"https:\/\/www.guadalminagolf.com\/?page_id=1163"},"modified":"2023-07-07T08:18:39","modified_gmt":"2023-07-07T08:18:39","slug":"politica-de-privacidad","status":"publish","type":"page","link":"https:\/\/www.guadalminagolf.com\/es\/politica-de-privacidad\/","title":{"rendered":"Pol\u00edtica de Privacidad"},"content":{"rendered":"\n<p><strong>PROTECCI\u00d3N DE DATOS PERSONALES<\/strong><\/p>\n\n\n\n<p>El prestador se encuentra profundamente comprometido con el cumplimiento de la normativa espa\u00f1ola de protecci\u00f3n de datos de car\u00e1cter personal, y garantiza el cumplimiento \u00edntegro de las obligaciones dispuestas, as\u00ed como la implementaci\u00f3n de las medidas de seguridad dispuestas en el art. 9 de la Ley 15\/1999, de Protecci\u00f3n de Datos de Car\u00e1cter Personal (LOPD) y en el Reglamento de Desarrollo de la LOPD.<\/p>\n\n\n\n<p><br>&nbsp;Los datos que se solicitan a trav\u00e9s de formularios, son los necesarios para las finalidades y servicios determinados, expl\u00edcitos y leg\u00edtimos del prestador. Los datos de personas que se reciban a trav\u00e9s de env\u00edo de los formularios de solicitud de informaci\u00f3n, promociones u otras demandas al Responsable del fichero, ser\u00e1n tratados con la finalidad de atender su petici\u00f3n, gestionar promociones as\u00ed como de facilitar informaci\u00f3n sobre nuestros servicios y productos actuales y futuros, que puedan ser de su inter\u00e9s, v\u00eda sms, postal u email.<\/p>\n\n\n\n<p><br>&nbsp;Se entender\u00e1 expresamente aceptado el tratamiento de datos con las finalidades anteriormente indicadas, al pulsar el bot\u00f3n \u201cENVIAR\u201d que figura en el formulario de solicitud de informaci\u00f3n, contacta, promociones u otros disponibles en la web de conformidad con los requisitos exigidos en el art\u00edculo 21 de la Ley 34\/2002, de Servicios de la Sociedad de la Informaci\u00f3n y de Comercio Electr\u00f3nico, para el env\u00edo de comunicaciones comerciales por correo electr\u00f3nico y otros medios electr\u00f3nicos equivalentes. Usted podr\u00e1 revocar su consentimiento en cualquier momento. Los usuarios podr\u00e1n oponerse al tratamiento de sus datos con las finalidades antes indicadas, dirigi\u00e9ndose por escrito postal a la direcci\u00f3n del responsable del fichero, acreditando su identidad, mediante el procedimiento que en cada caso habilite el prestador para el ejercicio de este derecho de oposici\u00f3n.<\/p>\n\n\n\n<p><strong>Ejercicio de derechos de acceso, rectificaci\u00f3n, cancelaci\u00f3n y oposici\u00f3n&nbsp;<\/strong><br>Pueden hacerse efectivos mediante una comunicaci\u00f3n escrita dirigida al prestador a la direcci\u00f3n Urb. Guadalmina Alta, s\/n. 29678 San Pedro de Alc\u00e1ntara (M\u00e1laga), en la que se acredite la identidad del usuario.<\/p>\n\n\n\n<p><strong>PROPIEDAD INTELECTUAL E INDUSTRIAL<\/strong><\/p>\n\n\n\n<p>&nbsp;No podr\u00e1n usarse los contenidos de forma contraria a la ley, a la moral o a las buenas costumbres aceptadas en orden p\u00fablico.<br><br>Independientemente de la finalidad para la que fueran destinados, la reproducci\u00f3n total o parcial, uso, explotaci\u00f3n, distribuci\u00f3n y comercializaci\u00f3n, requiere en todo caso de la autorizaci\u00f3n escrita previa por parte del prestador. Cualquier uso no autorizado previamente por parte del prestador ser\u00e1 considerado un incumplimiento grave de los derechos de propiedad intelectual o industrial del autor.<\/p>\n\n\n\n<p><strong>LEY APLICABLE Y JURISDICCI\u00d3N<\/strong><\/p>\n\n\n\n<p>Para la resoluci\u00f3n de todas las controversias o cuestiones relacionadas con el presente sitio web o de las actividades en \u00e9l desarrolladas, ser\u00e1 de aplicaci\u00f3n la legislaci\u00f3n espa\u00f1ola, a la que se someten expresamente las partes.<\/p>\n","protected":false},"excerpt":{"rendered":"<p>PROTECCI\u00d3N DE DATOS PERSONALES El prestador se encuentra profundamente comprometido con el cumplimiento de la normativa espa\u00f1ola de protecci\u00f3n de datos de car\u00e1cter personal, y garantiza el cumplimiento \u00edntegro de las obligaciones dispuestas, as\u00ed como la implementaci\u00f3n de las medidas de seguridad dispuestas en el art. 9 de la Ley 15\/1999, de Protecci\u00f3n de Datos de Car\u00e1cter Personal (LOPD) y en el Reglamento de Desarrollo de la LOPD. &nbsp;Los datos que se solicitan a trav\u00e9s de formularios, son los necesarios [&#8230;]\n","protected":false},"author":1,"featured_media":0,"parent":0,"menu_order":0,"comment_status":"closed","ping_status":"closed","template":"","meta":{"footnotes":""},"class_list":["post-1163","page","type-page","status-publish","hentry"],"yoast_head":"<!-- This site is optimized with the Yoast SEO plugin v27.2 - https:\/\/yoast.com\/product\/yoast-seo-wordpress\/ -->\n<title>Pol\u00edtica de Privacidad - Real Club de Golf Guadalmina<\/title>\n<meta name=\"robots\" content=\"index, follow, max-snippet:-1, max-image-preview:large, max-video-preview:-1\" \/>\n<link rel=\"canonical\" href=\"https:\/\/www.guadalminagolf.com\/privacy-policy\/\" \/>\n<meta property=\"og:locale\" content=\"es_ES\" \/>\n<meta property=\"og:type\" content=\"article\" \/>\n<meta property=\"og:title\" content=\"Pol\u00edtica de Privacidad - Real Club de Golf Guadalmina\" \/>\n<meta property=\"og:description\" content=\"PROTECCI\u00d3N DE DATOS PERSONALES El prestador se encuentra profundamente comprometido con el cumplimiento de la normativa espa\u00f1ola de protecci\u00f3n de datos de car\u00e1cter personal, y garantiza el cumplimiento \u00edntegro de las obligaciones dispuestas, as\u00ed como la implementaci\u00f3n de las medidas de seguridad dispuestas en el art. 9 de la Ley 15\/1999, de Protecci\u00f3n de Datos de Car\u00e1cter Personal (LOPD) y en el Reglamento de Desarrollo de la LOPD. &nbsp;Los datos que se solicitan a trav\u00e9s de formularios, son los necesarios [...]\" \/>\n<meta property=\"og:url\" content=\"https:\/\/www.guadalminagolf.com\/privacy-policy\/\" \/>\n<meta property=\"og:site_name\" content=\"Real Club de Golf Guadalmina\" \/>\n<meta property=\"article:publisher\" content=\"https:\/\/www.facebook.com\/groups\/Amigos.de.Guadalmina\" \/>\n<meta property=\"article:modified_time\" content=\"2023-07-07T08:18:39+00:00\" \/>\n<meta property=\"og:image\" content=\"https:\/\/www.guadalminagolf.com\/wp-content\/uploads\/2023\/08\/logo-sin-fechas-2-12.jpg\" \/>\n\t<meta property=\"og:image:width\" content=\"1526\" \/>\n\t<meta property=\"og:image:height\" content=\"1809\" \/>\n\t<meta property=\"og:image:type\" content=\"image\/jpeg\" \/>\n<meta name=\"twitter:card\" content=\"summary_large_image\" \/>\n<meta name=\"twitter:label1\" content=\"Tiempo de lectura\" \/>\n\t<meta name=\"twitter:data1\" content=\"2 minutos\" \/>\n<script type=\"application\/ld+json\" class=\"yoast-schema-graph\">{\"@context\":\"https:\/\/schema.org\",\"@graph\":[{\"@type\":\"WebPage\",\"@id\":\"https:\/\/www.guadalminagolf.com\/privacy-policy\/\",\"url\":\"https:\/\/www.guadalminagolf.com\/privacy-policy\/\",\"name\":\"Pol\u00edtica de Privacidad - Real Club de Golf Guadalmina\",\"isPartOf\":{\"@id\":\"https:\/\/www.guadalminagolf.com\/#website\"},\"datePublished\":\"2022-12-15T15:22:11+00:00\",\"dateModified\":\"2023-07-07T08:18:39+00:00\",\"breadcrumb\":{\"@id\":\"https:\/\/www.guadalminagolf.com\/privacy-policy\/#breadcrumb\"},\"inLanguage\":\"es\",\"potentialAction\":[{\"@type\":\"ReadAction\",\"target\":[\"https:\/\/www.guadalminagolf.com\/privacy-policy\/\"]}]},{\"@type\":\"BreadcrumbList\",\"@id\":\"https:\/\/www.guadalminagolf.com\/privacy-policy\/#breadcrumb\",\"itemListElement\":[{\"@type\":\"ListItem\",\"position\":1,\"name\":\"Home\",\"item\":\"https:\/\/www.guadalminagolf.com\/es\/\"},{\"@type\":\"ListItem\",\"position\":2,\"name\":\"Pol\u00edtica de Privacidad\"}]},{\"@type\":\"WebSite\",\"@id\":\"https:\/\/www.guadalminagolf.com\/#website\",\"url\":\"https:\/\/www.guadalminagolf.com\/\",\"name\":\"Real Club de Golf Guadalmina\",\"description\":\"\",\"publisher\":{\"@id\":\"https:\/\/www.guadalminagolf.com\/#organization\"},\"alternateName\":\"RCG Guadalmina\",\"potentialAction\":[{\"@type\":\"SearchAction\",\"target\":{\"@type\":\"EntryPoint\",\"urlTemplate\":\"https:\/\/www.guadalminagolf.com\/?s={search_term_string}\"},\"query-input\":{\"@type\":\"PropertyValueSpecification\",\"valueRequired\":true,\"valueName\":\"search_term_string\"}}],\"inLanguage\":\"es\"},{\"@type\":\"Organization\",\"@id\":\"https:\/\/www.guadalminagolf.com\/#organization\",\"name\":\"Real Club de Golf Guadalmina\",\"alternateName\":\"Real Club de Golf Guadalmina\",\"url\":\"https:\/\/www.guadalminagolf.com\/\",\"logo\":{\"@type\":\"ImageObject\",\"inLanguage\":\"es\",\"@id\":\"https:\/\/www.guadalminagolf.com\/#\/schema\/logo\/image\/\",\"url\":\"https:\/\/www.guadalminagolf.com\/wp-content\/uploads\/2023\/08\/logo-sin-fechas-2-14.jpg\",\"contentUrl\":\"https:\/\/www.guadalminagolf.com\/wp-content\/uploads\/2023\/08\/logo-sin-fechas-2-14.jpg\",\"width\":1526,\"height\":1809,\"caption\":\"Real Club de Golf Guadalmina\"},\"image\":{\"@id\":\"https:\/\/www.guadalminagolf.com\/#\/schema\/logo\/image\/\"},\"sameAs\":[\"https:\/\/www.facebook.com\/groups\/Amigos.de.Guadalmina\"]}]}<\/script>\n<!-- \/ Yoast SEO plugin. -->","yoast_head_json":{"title":"Pol\u00edtica de Privacidad - Real Club de Golf Guadalmina","robots":{"index":"index","follow":"follow","max-snippet":"max-snippet:-1","max-image-preview":"max-image-preview:large","max-video-preview":"max-video-preview:-1"},"canonical":"https:\/\/www.guadalminagolf.com\/privacy-policy\/","og_locale":"es_ES","og_type":"article","og_title":"Pol\u00edtica de Privacidad - Real Club de Golf Guadalmina","og_description":"PROTECCI\u00d3N DE DATOS PERSONALES El prestador se encuentra profundamente comprometido con el cumplimiento de la normativa espa\u00f1ola de protecci\u00f3n de datos de car\u00e1cter personal, y garantiza el cumplimiento \u00edntegro de las obligaciones dispuestas, as\u00ed como la implementaci\u00f3n de las medidas de seguridad dispuestas en el art. 9 de la Ley 15\/1999, de Protecci\u00f3n de Datos de Car\u00e1cter Personal (LOPD) y en el Reglamento de Desarrollo de la LOPD. &nbsp;Los datos que se solicitan a trav\u00e9s de formularios, son los necesarios [...]","og_url":"https:\/\/www.guadalminagolf.com\/privacy-policy\/","og_site_name":"Real Club de Golf Guadalmina","article_publisher":"https:\/\/www.facebook.com\/groups\/Amigos.de.Guadalmina","article_modified_time":"2023-07-07T08:18:39+00:00","og_image":[{"width":1526,"height":1809,"url":"https:\/\/www.guadalminagolf.com\/wp-content\/uploads\/2023\/08\/logo-sin-fechas-2-12.jpg","type":"image\/jpeg"}],"twitter_card":"summary_large_image","twitter_misc":{"Tiempo de lectura":"2 minutos"},"schema":{"@context":"https:\/\/schema.org","@graph":[{"@type":"WebPage","@id":"https:\/\/www.guadalminagolf.com\/privacy-policy\/","url":"https:\/\/www.guadalminagolf.com\/privacy-policy\/","name":"Pol\u00edtica de Privacidad - Real Club de Golf Guadalmina","isPartOf":{"@id":"https:\/\/www.guadalminagolf.com\/#website"},"datePublished":"2022-12-15T15:22:11+00:00","dateModified":"2023-07-07T08:18:39+00:00","breadcrumb":{"@id":"https:\/\/www.guadalminagolf.com\/privacy-policy\/#breadcrumb"},"inLanguage":"es","potentialAction":[{"@type":"ReadAction","target":["https:\/\/www.guadalminagolf.com\/privacy-policy\/"]}]},{"@type":"BreadcrumbList","@id":"https:\/\/www.guadalminagolf.com\/privacy-policy\/#breadcrumb","itemListElement":[{"@type":"ListItem","position":1,"name":"Home","item":"https:\/\/www.guadalminagolf.com\/es\/"},{"@type":"ListItem","position":2,"name":"Pol\u00edtica de Privacidad"}]},{"@type":"WebSite","@id":"https:\/\/www.guadalminagolf.com\/#website","url":"https:\/\/www.guadalminagolf.com\/","name":"Real Club de Golf Guadalmina","description":"","publisher":{"@id":"https:\/\/www.guadalminagolf.com\/#organization"},"alternateName":"RCG Guadalmina","potentialAction":[{"@type":"SearchAction","target":{"@type":"EntryPoint","urlTemplate":"https:\/\/www.guadalminagolf.com\/?s={search_term_string}"},"query-input":{"@type":"PropertyValueSpecification","valueRequired":true,"valueName":"search_term_string"}}],"inLanguage":"es"},{"@type":"Organization","@id":"https:\/\/www.guadalminagolf.com\/#organization","name":"Real Club de Golf Guadalmina","alternateName":"Real Club de Golf Guadalmina","url":"https:\/\/www.guadalminagolf.com\/","logo":{"@type":"ImageObject","inLanguage":"es","@id":"https:\/\/www.guadalminagolf.com\/#\/schema\/logo\/image\/","url":"https:\/\/www.guadalminagolf.com\/wp-content\/uploads\/2023\/08\/logo-sin-fechas-2-14.jpg","contentUrl":"https:\/\/www.guadalminagolf.com\/wp-content\/uploads\/2023\/08\/logo-sin-fechas-2-14.jpg","width":1526,"height":1809,"caption":"Real Club de Golf Guadalmina"},"image":{"@id":"https:\/\/www.guadalminagolf.com\/#\/schema\/logo\/image\/"},"sameAs":["https:\/\/www.facebook.com\/groups\/Amigos.de.Guadalmina"]}]}},"_links":{"self":[{"href":"https:\/\/www.guadalminagolf.com\/es\/wp-json\/wp\/v2\/pages\/1163","targetHints":{"allow":["GET"]}}],"collection":[{"href":"https:\/\/www.guadalminagolf.com\/es\/wp-json\/wp\/v2\/pages"}],"about":[{"href":"https:\/\/www.guadalminagolf.com\/es\/wp-json\/wp\/v2\/types\/page"}],"author":[{"embeddable":true,"href":"https:\/\/www.guadalminagolf.com\/es\/wp-json\/wp\/v2\/users\/1"}],"replies":[{"embeddable":true,"href":"https:\/\/www.guadalminagolf.com\/es\/wp-json\/wp\/v2\/comments?post=1163"}],"version-history":[{"count":1,"href":"https:\/\/www.guadalminagolf.com\/es\/wp-json\/wp\/v2\/pages\/1163\/revisions"}],"predecessor-version":[{"id":1164,"href":"https:\/\/www.guadalminagolf.com\/es\/wp-json\/wp\/v2\/pages\/1163\/revisions\/1164"}],"wp:attachment":[{"href":"https:\/\/www.guadalminagolf.com\/es\/wp-json\/wp\/v2\/media?parent=1163"}],"curies":[{"name":"wp","href":"https:\/\/api.w.org\/{rel}","templated":true}]}}